{"id":756,"date":"2017-09-25T13:39:21","date_gmt":"2017-09-25T12:39:21","guid":{"rendered":"http:\/\/www.enel-sustav.hr\/?page_id=756"},"modified":"2017-09-25T13:44:17","modified_gmt":"2017-09-25T12:44:17","slug":"izvjestaji-aplikacije-seaman","status":"publish","type":"page","link":"https:\/\/e-sustav.enel.hr\/?page_id=756","title":{"rendered":"Izvje\u0161taji aplikacije Seaman"},"content":{"rendered":"\n<style type=\"text\/css\" data-created_by=\"avia_inline_auto\" id=\"style-css-av-av_one_full-6126cab7d8fab8d08143dd2dacdf673c\">\n.flex_column.av-av_one_full-6126cab7d8fab8d08143dd2dacdf673c{\nborder-radius:0px 0px 0px 0px;\n-webkit-border-radius:0px 0px 0px 0px;\n-moz-border-radius:0px 0px 0px 0px;\n}\n<\/style>\n<div class='flex_column av-av_one_full-6126cab7d8fab8d08143dd2dacdf673c av_one_full  avia-builder-el-0  el_before_av_one_full  avia-builder-el-first  first flex_column_div av-zero-column-padding '   ><section  class='av_textblock_section av-av_textblock-396ddf1f42196ca838231e61a4602801'  itemscope=\"itemscope\" itemtype=\"https:\/\/schema.org\/CreativeWork\" ><div class='avia_textblock'  itemprop=\"text\" ><p>Aplikacija<em> \u00ad\u00adSeaman<\/em> ima sljede\u0107e izvje\u0161taje:<\/p>\n<ul>\n<li><strong>Seaman by rank,vessel, engine<\/strong> &#8211; izvje\u0161\u0107e prikazuje pomorce sa njihovim kvalifikacijama: rangom, vrtom plovila i\u00a0 vrstom motora<\/li>\n<li><strong>Seaman by Company<\/strong> \u2013 izvje\u0161\u0107e prikazuje pomorce po kompanijama na kojima su ukrcani<\/li>\n<li><strong>Seamen on Ship<\/strong> \u2013 izvje\u0161\u0107e prikazuje pomorce i na kojim su brodovima ukrcani<\/li>\n<li><strong>Application for Employment<\/strong> \u2013 izvje\u0161taj na kojem se prikazuje pomorac sa svim osobnim podacima, slikom pomorca, kontakt podacima, certifikatima i edukaciji. Izvje\u0161taj mo\u017ee biti sa osnovnim podacima i detaljniji izvje\u0161taj koji uklju\u010duje i radno iskustvo pomorca.<\/li>\n<\/ul>\n<\/div><\/section><\/div>\n\n<style type=\"text\/css\" data-created_by=\"avia_inline_auto\" id=\"style-css-av-av_one_full-6126cab7d8fab8d08143dd2dacdf673c\">\n.flex_column.av-av_one_full-6126cab7d8fab8d08143dd2dacdf673c{\nborder-radius:0px 0px 0px 0px;\n-webkit-border-radius:0px 0px 0px 0px;\n-moz-border-radius:0px 0px 0px 0px;\n}\n<\/style>\n<div class='flex_column av-av_one_full-6126cab7d8fab8d08143dd2dacdf673c av_one_full  avia-builder-el-2  el_after_av_one_full  avia-builder-el-last  first flex_column_div av-zero-column-padding column-top-margin'   ><p>\n<style type=\"text\/css\" data-created_by=\"avia_inline_auto\" id=\"style-css-av-av_gallery-4398586130f12b4c07aefbc6684cdd9b\">\n#top .avia-gallery.av-av_gallery-4398586130f12b4c07aefbc6684cdd9b .avia-gallery-thumb a{\nwidth:20%;\n}\n<\/style>\n<div  class='avia-gallery av-av_gallery-4398586130f12b4c07aefbc6684cdd9b avia_animate_when_visible  avia-builder-el-3  el_before_av_textblock  avia-builder-el-first  avia_lazyload avia-gallery-animate avia-gallery-1'  itemprop=\"image\" itemscope=\"itemscope\" itemtype=\"https:\/\/schema.org\/ImageObject\" ><meta itemprop=\"contentURL\" content=\"https:\/\/e-sustav.enel.hr\/?page_id=756\"><div class='avia-gallery-thumb'><a href=\"https:\/\/e-sustav.enel.hr\/wp-content\/uploads\/2015\/12\/Izvjestaj-Seaman-by-Company-1030x788.jpg\" data-srcset=\"https:\/\/e-sustav.enel.hr\/wp-content\/uploads\/2015\/12\/Izvjestaj-Seaman-by-Company-1030x788.jpg 1030w, https:\/\/e-sustav.enel.hr\/wp-content\/uploads\/2015\/12\/Izvjestaj-Seaman-by-Company-300x229.jpg 300w, https:\/\/e-sustav.enel.hr\/wp-content\/uploads\/2015\/12\/Izvjestaj-Seaman-by-Company-705x539.jpg 705w, https:\/\/e-sustav.enel.hr\/wp-content\/uploads\/2015\/12\/Izvjestaj-Seaman-by-Company-450x344.jpg 450w, https:\/\/e-sustav.enel.hr\/wp-content\/uploads\/2015\/12\/Izvjestaj-Seaman-by-Company.jpg 1280w\" data-sizes=\"(max-width: 1030px) 100vw, 1030px\" data-rel='gallery-1' data-prev-img='https:\/\/e-sustav.enel.hr\/wp-content\/uploads\/2015\/12\/Izvjestaj-Seaman-by-Company-495x400.jpg' class='first_thumb lightbox ' data-onclick='1' title='Izvjestaj Seaman by Company'  itemprop=\"thumbnailUrl\"  ><img class=\"wp-image-350 avia-img-lazy-loading-not-350\"   src=\"https:\/\/e-sustav.enel.hr\/wp-content\/uploads\/2015\/12\/Izvjestaj-Seaman-by-Company-495x400.jpg\" width=\"495\" height=\"400\"  title='Izvjestaj Seaman by Company' alt='' srcset=\"https:\/\/e-sustav.enel.hr\/wp-content\/uploads\/2015\/12\/Izvjestaj-Seaman-by-Company-495x400.jpg 495w, https:\/\/e-sustav.enel.hr\/wp-content\/uploads\/2015\/12\/Izvjestaj-Seaman-by-Company-845x684.jpg 845w\" sizes=\"(max-width: 495px) 100vw, 495px\" \/><div class='big-prev-fake'><img loading=\"lazy\" class=\"wp-image-350 avia-img-lazy-loading-350\"  width=\"495\" height=\"400\" src=\"https:\/\/e-sustav.enel.hr\/wp-content\/uploads\/2015\/12\/Izvjestaj-Seaman-by-Company-495x400.jpg\" title='Izvjestaj Seaman by Company' alt='' srcset=\"https:\/\/e-sustav.enel.hr\/wp-content\/uploads\/2015\/12\/Izvjestaj-Seaman-by-Company-495x400.jpg 495w, https:\/\/e-sustav.enel.hr\/wp-content\/uploads\/2015\/12\/Izvjestaj-Seaman-by-Company-845x684.jpg 845w\" sizes=\"(max-width: 495px) 100vw, 495px\" \/><\/div><\/a><a href=\"https:\/\/e-sustav.enel.hr\/wp-content\/uploads\/2015\/12\/Seaman-on-Ship-1030x789.jpg\" data-srcset=\"https:\/\/e-sustav.enel.hr\/wp-content\/uploads\/2015\/12\/Seaman-on-Ship-1030x789.jpg 1030w, https:\/\/e-sustav.enel.hr\/wp-content\/uploads\/2015\/12\/Seaman-on-Ship-300x230.jpg 300w, https:\/\/e-sustav.enel.hr\/wp-content\/uploads\/2015\/12\/Seaman-on-Ship-705x540.jpg 705w, https:\/\/e-sustav.enel.hr\/wp-content\/uploads\/2015\/12\/Seaman-on-Ship-450x345.jpg 450w, https:\/\/e-sustav.enel.hr\/wp-content\/uploads\/2015\/12\/Seaman-on-Ship.jpg 1280w\" data-sizes=\"(max-width: 1030px) 100vw, 1030px\" data-rel='gallery-1' data-prev-img='https:\/\/e-sustav.enel.hr\/wp-content\/uploads\/2015\/12\/Seaman-on-Ship-495x400.jpg' class='lightbox ' data-onclick='2' title='Seaman on Ship'  itemprop=\"thumbnailUrl\"  ><img class=\"wp-image-339 avia-img-lazy-loading-not-339\"   src=\"https:\/\/e-sustav.enel.hr\/wp-content\/uploads\/2015\/12\/Seaman-on-Ship-495x400.jpg\" width=\"495\" height=\"400\"  title='Seaman on Ship' alt='' srcset=\"https:\/\/e-sustav.enel.hr\/wp-content\/uploads\/2015\/12\/Seaman-on-Ship-495x400.jpg 495w, https:\/\/e-sustav.enel.hr\/wp-content\/uploads\/2015\/12\/Seaman-on-Ship-845x684.jpg 845w\" sizes=\"(max-width: 495px) 100vw, 495px\" \/><div class='big-prev-fake'><img loading=\"lazy\" class=\"wp-image-339 avia-img-lazy-loading-339\"  width=\"495\" height=\"400\" src=\"https:\/\/e-sustav.enel.hr\/wp-content\/uploads\/2015\/12\/Seaman-on-Ship-495x400.jpg\" title='Seaman on Ship' alt='' srcset=\"https:\/\/e-sustav.enel.hr\/wp-content\/uploads\/2015\/12\/Seaman-on-Ship-495x400.jpg 495w, https:\/\/e-sustav.enel.hr\/wp-content\/uploads\/2015\/12\/Seaman-on-Ship-845x684.jpg 845w\" sizes=\"(max-width: 495px) 100vw, 495px\" \/><\/div><\/a><a href=\"https:\/\/e-sustav.enel.hr\/wp-content\/uploads\/2015\/12\/Izvjestaj-Seaman-by-rank-vessel-engine-1030x789.jpg\" data-srcset=\"https:\/\/e-sustav.enel.hr\/wp-content\/uploads\/2015\/12\/Izvjestaj-Seaman-by-rank-vessel-engine-1030x789.jpg 1030w, https:\/\/e-sustav.enel.hr\/wp-content\/uploads\/2015\/12\/Izvjestaj-Seaman-by-rank-vessel-engine-300x230.jpg 300w, https:\/\/e-sustav.enel.hr\/wp-content\/uploads\/2015\/12\/Izvjestaj-Seaman-by-rank-vessel-engine-705x540.jpg 705w, https:\/\/e-sustav.enel.hr\/wp-content\/uploads\/2015\/12\/Izvjestaj-Seaman-by-rank-vessel-engine-450x345.jpg 450w, https:\/\/e-sustav.enel.hr\/wp-content\/uploads\/2015\/12\/Izvjestaj-Seaman-by-rank-vessel-engine.jpg 1280w\" data-sizes=\"(max-width: 1030px) 100vw, 1030px\" data-rel='gallery-1' data-prev-img='https:\/\/e-sustav.enel.hr\/wp-content\/uploads\/2015\/12\/Izvjestaj-Seaman-by-rank-vessel-engine-495x400.jpg' class='lightbox ' data-onclick='3' title='Izvjestaj Seaman by rank, vessel, engine'  itemprop=\"thumbnailUrl\"  ><img class=\"wp-image-337 avia-img-lazy-loading-not-337\"   src=\"https:\/\/e-sustav.enel.hr\/wp-content\/uploads\/2015\/12\/Izvjestaj-Seaman-by-rank-vessel-engine-495x400.jpg\" width=\"495\" height=\"400\"  title='Izvjestaj Seaman by rank, vessel, engine' alt='' srcset=\"https:\/\/e-sustav.enel.hr\/wp-content\/uploads\/2015\/12\/Izvjestaj-Seaman-by-rank-vessel-engine-495x400.jpg 495w, https:\/\/e-sustav.enel.hr\/wp-content\/uploads\/2015\/12\/Izvjestaj-Seaman-by-rank-vessel-engine-845x684.jpg 845w\" sizes=\"(max-width: 495px) 100vw, 495px\" \/><div class='big-prev-fake'><img loading=\"lazy\" class=\"wp-image-337 avia-img-lazy-loading-337\"  width=\"495\" height=\"400\" src=\"https:\/\/e-sustav.enel.hr\/wp-content\/uploads\/2015\/12\/Izvjestaj-Seaman-by-rank-vessel-engine-495x400.jpg\" title='Izvjestaj Seaman by rank, vessel, engine' alt='' srcset=\"https:\/\/e-sustav.enel.hr\/wp-content\/uploads\/2015\/12\/Izvjestaj-Seaman-by-rank-vessel-engine-495x400.jpg 495w, https:\/\/e-sustav.enel.hr\/wp-content\/uploads\/2015\/12\/Izvjestaj-Seaman-by-rank-vessel-engine-845x684.jpg 845w\" sizes=\"(max-width: 495px) 100vw, 495px\" \/><\/div><\/a><a href=\"https:\/\/e-sustav.enel.hr\/wp-content\/uploads\/2015\/12\/Aplication-for-Employment-1030x789.jpg\" data-srcset=\"https:\/\/e-sustav.enel.hr\/wp-content\/uploads\/2015\/12\/Aplication-for-Employment-1030x789.jpg 1030w, https:\/\/e-sustav.enel.hr\/wp-content\/uploads\/2015\/12\/Aplication-for-Employment-300x230.jpg 300w, https:\/\/e-sustav.enel.hr\/wp-content\/uploads\/2015\/12\/Aplication-for-Employment-705x540.jpg 705w, https:\/\/e-sustav.enel.hr\/wp-content\/uploads\/2015\/12\/Aplication-for-Employment-450x345.jpg 450w, https:\/\/e-sustav.enel.hr\/wp-content\/uploads\/2015\/12\/Aplication-for-Employment.jpg 1280w\" data-sizes=\"(max-width: 1030px) 100vw, 1030px\" data-rel='gallery-1' data-prev-img='https:\/\/e-sustav.enel.hr\/wp-content\/uploads\/2015\/12\/Aplication-for-Employment-495x400.jpg' class='lightbox ' data-onclick='4' title='Application for Employment'  itemprop=\"thumbnailUrl\"  ><img class=\"wp-image-336 avia-img-lazy-loading-not-336\"  data-avia-tooltip='Application for Employment' src=\"https:\/\/e-sustav.enel.hr\/wp-content\/uploads\/2015\/12\/Aplication-for-Employment-495x400.jpg\" width=\"495\" height=\"400\"  title='Aplication for Employment' alt='' srcset=\"https:\/\/e-sustav.enel.hr\/wp-content\/uploads\/2015\/12\/Aplication-for-Employment-495x400.jpg 495w, https:\/\/e-sustav.enel.hr\/wp-content\/uploads\/2015\/12\/Aplication-for-Employment-845x684.jpg 845w\" sizes=\"(max-width: 495px) 100vw, 495px\" \/><div class='big-prev-fake'><img loading=\"lazy\" class=\"wp-image-336 avia-img-lazy-loading-336\"  width=\"495\" height=\"400\" src=\"https:\/\/e-sustav.enel.hr\/wp-content\/uploads\/2015\/12\/Aplication-for-Employment-495x400.jpg\" title='Aplication for Employment' alt='' srcset=\"https:\/\/e-sustav.enel.hr\/wp-content\/uploads\/2015\/12\/Aplication-for-Employment-495x400.jpg 495w, https:\/\/e-sustav.enel.hr\/wp-content\/uploads\/2015\/12\/Aplication-for-Employment-845x684.jpg 845w\" sizes=\"(max-width: 495px) 100vw, 495px\" \/><\/div><\/a><\/div><\/div><br \/>\n<section  class='av_textblock_section av-av_textblock-396ddf1f42196ca838231e61a4602801'  itemscope=\"itemscope\" itemtype=\"https:\/\/schema.org\/CreativeWork\" ><div class='avia_textblock'  itemprop=\"text\" ><section class=\"av_textblock_section\">\n<div class=\"avia_textblock \">\n<p>Svi izvje\u0161aji mogu se\u00a0ispisivati (printati), prikazivati na ekranu, prikazivati u Wordu ili u PDF formatu.<\/p>\n<\/div>\n<\/section>\n<div class=\"hr hr-invisible avia-builder-el-11 el_after_av_textblock el_before_av_textblock \"><\/div>\n<\/div><\/section><\/p><\/div>\n","protected":false},"excerpt":{"rendered":"","protected":false},"author":1,"featured_media":0,"parent":0,"menu_order":0,"comment_status":"closed","ping_status":"closed","template":"","meta":[],"_links":{"self":[{"href":"https:\/\/e-sustav.enel.hr\/index.php?rest_route=\/wp\/v2\/pages\/756"}],"collection":[{"href":"https:\/\/e-sustav.enel.hr\/index.php?rest_route=\/wp\/v2\/pages"}],"about":[{"href":"https:\/\/e-sustav.enel.hr\/index.php?rest_route=\/wp\/v2\/types\/page"}],"author":[{"embeddable":true,"href":"https:\/\/e-sustav.enel.hr\/index.php?rest_route=\/wp\/v2\/users\/1"}],"replies":[{"embeddable":true,"href":"https:\/\/e-sustav.enel.hr\/index.php?rest_route=%2Fwp%2Fv2%2Fcomments&post=756"}],"version-history":[{"count":4,"href":"https:\/\/e-sustav.enel.hr\/index.php?rest_route=\/wp\/v2\/pages\/756\/revisions"}],"predecessor-version":[{"id":758,"href":"https:\/\/e-sustav.enel.hr\/index.php?rest_route=\/wp\/v2\/pages\/756\/revisions\/758"}],"wp:attachment":[{"href":"https:\/\/e-sustav.enel.hr\/index.php?rest_route=%2Fwp%2Fv2%2Fmedia&parent=756"}],"curies":[{"name":"wp","href":"https:\/\/api.w.org\/{rel}","templated":true}]}}