{"id":71,"date":"2015-02-11T14:12:30","date_gmt":"2015-02-11T13:12:30","guid":{"rendered":"http:\/\/www.enel-sustav.hr\/?page_id=71"},"modified":"2017-09-25T13:10:39","modified_gmt":"2017-09-25T12:10:39","slug":"izvjestajni-sustav-sustav-plus","status":"publish","type":"page","link":"https:\/\/e-sustav.enel.hr\/?page_id=71","title":{"rendered":"Sustav Plus izvje\u0161tajni sustav"},"content":{"rendered":"<p><strong>Sustav Plus<\/strong>\u00a0predstavlja rje\u0161enje za poslovno izvje\u0161tavanje koje korisnicima na\u0161eg poslovnog informacijskog sustava poma\u017ee u gradnji u\u010dinkovitije organizacije i omogu\u0107uje bolje upravljanje svakodnevnim poslovanjem.<\/p>\n<p><strong>Sustav Plus izvje\u0161tajni sustav omogu\u0107ava samostalno kreiranje razli\u010ditih izvje\u0161taja prema potrebama i specifi\u010dnim zahtjevima korisnika \u00a0<\/strong>(iz segmenta\u00a0 maloprodaje, veleprodaje,\u00a0 proizvodnje, distribucije i financijskog poslovanja)<strong>:<\/strong><\/p>\n<ul>\n<li>Mogu\u0107nost grupiranja po razli\u010ditim kriterijima\u00a0 (artiklima, partnerima, vremenskim periodima, vremenskim razdobljima, prodajnom osoblju i dr.)<\/li>\n<li>Fleksibilnost u prikazu odabranih informacija &#8211; odabir stupaca i redova u izvje\u0161\u0107ima, mogu\u0107nost\u00a0 zamjene\u00a0 stupaca i redova (drag &amp; drop), razli\u010diti formatizvje\u0161\u0107a (xls, xlsx, csv, pdf, rtf, txt).<\/li>\n<\/ul>\n<p>Osim mogu\u0107nosti samostalnog kreiranja specifi\u010dnih izvje\u0161\u0107e, Sustav Plus\u00a0sadr\u017ei unaprijed definirana\u00a0izvje\u0161\u0107a veleprodaje i maloprodaje, pregled poslovanja nabave (stanje narud\u017ebi\u00a0 dobavlja\u010dima), pregled stanja\u00a0 naloga\u00a0 u proizvodnji, pregled potro\u0161nje materijala\u00a0 i pregled stanja\u00a0 narud\u017ebi za pekarsku\u00a0 proizvodnju, kao i pregled financijskih izvje\u0161\u0107a\u00a0 bilance, dospjelih i nedospjelih potra\u017eivanja, otvorenih stavki, financijskih\u00a0 kartica i preglede stanja ra\u010duna-konta glavne knjige.<\/p>\n","protected":false},"excerpt":{"rendered":"<p>Sustav Plus\u00a0predstavlja rje\u0161enje za poslovno izvje\u0161tavanje koje korisnicima na\u0161eg poslovnog informacijskog sustava poma\u017ee u gradnji u\u010dinkovitije organizacije i omogu\u0107uje bolje upravljanje svakodnevnim poslovanjem. Sustav Plus izvje\u0161tajni sustav omogu\u0107ava samostalno kreiranje razli\u010ditih izvje\u0161taja prema potrebama i specifi\u010dnim zahtjevima korisnika \u00a0(iz segmenta\u00a0 maloprodaje, veleprodaje,\u00a0 proizvodnje, distribucije i financijskog poslovanja): Mogu\u0107nost grupiranja po razli\u010ditim kriterijima\u00a0 (artiklima, partnerima, vremenskim [&hellip;]<\/p>\n","protected":false},"author":1,"featured_media":0,"parent":16,"menu_order":0,"comment_status":"open","ping_status":"open","template":"","meta":[],"_links":{"self":[{"href":"https:\/\/e-sustav.enel.hr\/index.php?rest_route=\/wp\/v2\/pages\/71"}],"collection":[{"href":"https:\/\/e-sustav.enel.hr\/index.php?rest_route=\/wp\/v2\/pages"}],"about":[{"href":"https:\/\/e-sustav.enel.hr\/index.php?rest_route=\/wp\/v2\/types\/page"}],"author":[{"embeddable":true,"href":"https:\/\/e-sustav.enel.hr\/index.php?rest_route=\/wp\/v2\/users\/1"}],"replies":[{"embeddable":true,"href":"https:\/\/e-sustav.enel.hr\/index.php?rest_route=%2Fwp%2Fv2%2Fcomments&post=71"}],"version-history":[{"count":10,"href":"https:\/\/e-sustav.enel.hr\/index.php?rest_route=\/wp\/v2\/pages\/71\/revisions"}],"predecessor-version":[{"id":740,"href":"https:\/\/e-sustav.enel.hr\/index.php?rest_route=\/wp\/v2\/pages\/71\/revisions\/740"}],"up":[{"embeddable":true,"href":"https:\/\/e-sustav.enel.hr\/index.php?rest_route=\/wp\/v2\/pages\/16"}],"wp:attachment":[{"href":"https:\/\/e-sustav.enel.hr\/index.php?rest_route=%2Fwp%2Fv2%2Fmedia&parent=71"}],"curies":[{"name":"wp","href":"https:\/\/api.w.org\/{rel}","templated":true}]}}