{"id":552,"date":"2016-10-05T09:34:21","date_gmt":"2016-10-05T08:34:21","guid":{"rendered":"http:\/\/www.enel-sustav.hr\/?page_id=552"},"modified":"2017-09-21T12:08:59","modified_gmt":"2017-09-21T11:08:59","slug":"robnomaterijalno-poslovanje","status":"publish","type":"page","link":"https:\/\/e-sustav.enel.hr\/?page_id=552","title":{"rendered":"Robno\/materijalno poslovanje"},"content":{"rendered":"\n<style type=\"text\/css\" data-created_by=\"avia_inline_auto\" id=\"style-css-av-av_one_full-6126cab7d8fab8d08143dd2dacdf673c\">\n.flex_column.av-av_one_full-6126cab7d8fab8d08143dd2dacdf673c{\nborder-radius:0px 0px 0px 0px;\n-webkit-border-radius:0px 0px 0px 0px;\n-moz-border-radius:0px 0px 0px 0px;\n}\n<\/style>\n<div class='flex_column av-av_one_full-6126cab7d8fab8d08143dd2dacdf673c av_one_full  avia-builder-el-0  el_before_av_heading  avia-builder-el-first  first flex_column_div av-zero-column-padding '   ><section  class='av_textblock_section av-av_textblock-396ddf1f42196ca838231e61a4602801'  itemscope=\"itemscope\" itemtype=\"https:\/\/schema.org\/CreativeWork\" ><div class='avia_textblock'  itemprop=\"text\" ><p><strong>Robno\/materijalno poslovanje<\/strong>\u00a0kao vrlo slo\u017eeni podsustav dijeli se na vi\u0161e cjelina koje se me\u0111usobno isprepli\u0107u.<\/p>\n<p><em>\u0160ifrarnici<\/em>\u00a0robe namijenjeni su unosu i a\u017euriranju podataka o artiklima i skladi\u0161tima.<\/p>\n<p>Komadne i financijske analize kao i izdavanje ra\u010duna te ostale financijske obrade dokumenata vr\u0161e se pomo\u0107u modula\u00a0<em>Analiza i funkcije.<\/em><\/p>\n<p><em>Nabava, Prodaja<\/em>\u00a0i\u00a0<em>Robno poslovanje<\/em>\u00a0obra\u0111uju poslovne promjene vezane uz promet roba i bilje\u017ee rezultate u podsustavu Financijsko poslovanje.<\/p>\n<p><em>Materijalno poslovanje<\/em>\u00a0i\u00a0<em>Sitan inventar<\/em>\u00a0zadovoljavaju procese obrade i prometa materijala i pripadaju\u0107ih usluga \u2013 od rada hotelske kuhinje, do proizvoljno definirane industrijske proizvodnje.\u00a0<em>Back Office<\/em>\u00a0obuhva\u0107a definiranje parametara maloprodajnih kasa te razna izvje\u0161\u0107a.<\/p>\n<\/div><\/section><\/div>\n\n<style type=\"text\/css\" data-created_by=\"avia_inline_auto\" id=\"style-css-av-av_heading-acf2858fc79d7ab5a8ea777d96817432\">\n#top .av-special-heading.av-av_heading-acf2858fc79d7ab5a8ea777d96817432{\npadding-bottom:10px;\ncolor:#2d5c88;\n}\nbody .av-special-heading.av-av_heading-acf2858fc79d7ab5a8ea777d96817432 .av-special-heading-tag .heading-char{\nfont-size:25px;\n}\n.av-special-heading.av-av_heading-acf2858fc79d7ab5a8ea777d96817432 .special-heading-inner-border{\nborder-color:#2d5c88;\n}\n.av-special-heading.av-av_heading-acf2858fc79d7ab5a8ea777d96817432 .av-subheading{\nfont-size:15px;\n}\n<\/style>\n<div  class='av-special-heading av-av_heading-acf2858fc79d7ab5a8ea777d96817432 av-special-heading-h6 custom-color-heading  avia-builder-el-2  el_after_av_one_full  el_before_av_textblock '><h6 class='av-special-heading-tag'  itemprop=\"headline\"  >Primka doma\u0107e robe<\/h6><div class=\"special-heading-border\"><div class=\"special-heading-inner-border\"><\/div><\/div><\/div>\n<section  class='av_textblock_section av-av_textblock-396ddf1f42196ca838231e61a4602801'  itemscope=\"itemscope\" itemtype=\"https:\/\/schema.org\/CreativeWork\" ><div class='avia_textblock'  itemprop=\"text\" ><p>Modul omogu\u0107ava unos, pregled i a\u017euriranje primki. Nakon unosa dobavlja\u010da i pripadaju\u0107eg ugovora definiranog u modulima nabave olak\u0161an je unos artikala, cijena, rabata i zavisnih tro\u0161kova. Podr\u017eane su i funkcionalnosti u\u010ditavanje stavki narud\u017ebe u primku.<\/p>\n<p><a href=\"http:\/\/www.enel-sustav.hr\/wp-content\/uploads\/2016\/10\/aa.png\"><img loading=\"lazy\" class=\"size-medium wp-image-554 aligncenter\" src=\"http:\/\/www.enel-sustav.hr\/wp-content\/uploads\/2016\/10\/aa-300x169.png\" alt=\"\" width=\"300\" height=\"169\" srcset=\"https:\/\/e-sustav.enel.hr\/wp-content\/uploads\/2016\/10\/aa-300x169.png 300w, https:\/\/e-sustav.enel.hr\/wp-content\/uploads\/2016\/10\/aa-1030x579.png 1030w, https:\/\/e-sustav.enel.hr\/wp-content\/uploads\/2016\/10\/aa-705x396.png 705w, https:\/\/e-sustav.enel.hr\/wp-content\/uploads\/2016\/10\/aa-450x253.png 450w, https:\/\/e-sustav.enel.hr\/wp-content\/uploads\/2016\/10\/aa.png 1366w\" sizes=\"(max-width: 300px) 100vw, 300px\" \/><\/a><\/p>\n<\/div><\/section>\n\n<style type=\"text\/css\" data-created_by=\"avia_inline_auto\" id=\"style-css-av-av_heading-a888f399a753fef31eaac9bb805bd1e6\">\n#top .av-special-heading.av-av_heading-a888f399a753fef31eaac9bb805bd1e6{\npadding-bottom:10px;\ncolor:#2d5c88;\n}\nbody .av-special-heading.av-av_heading-a888f399a753fef31eaac9bb805bd1e6 .av-special-heading-tag .heading-char{\nfont-size:25px;\n}\n.av-special-heading.av-av_heading-a888f399a753fef31eaac9bb805bd1e6 .special-heading-inner-border{\nborder-color:#2d5c88;\n}\n.av-special-heading.av-av_heading-a888f399a753fef31eaac9bb805bd1e6 .av-subheading{\nfont-size:15px;\n}\n<\/style>\n<div  class='av-special-heading av-av_heading-a888f399a753fef31eaac9bb805bd1e6 av-special-heading-h6 custom-color-heading  avia-builder-el-4  el_after_av_textblock  el_before_av_textblock '><h6 class='av-special-heading-tag'  itemprop=\"headline\"  >Povratnica doma\u0107e robe<\/h6><div class=\"special-heading-border\"><div class=\"special-heading-inner-border\"><\/div><\/div><\/div>\n<section  class='av_textblock_section av-av_textblock-396ddf1f42196ca838231e61a4602801'  itemscope=\"itemscope\" itemtype=\"https:\/\/schema.org\/CreativeWork\" ><div class='avia_textblock'  itemprop=\"text\" ><p>Modul omogu\u0107ava unos, pregled i a\u017euriranje povratnica dobavlja\u010dima. Nakon unosa dobavlja\u010da i pripadaju\u0107eg ugovora definiranog u modulima nabave \u00a0olak\u0161an je unos artikala, cijena, rabata i zavisnih tro\u0161kova. Podr\u017eane su i funkcionalnosti pretvaranja primke u povratnicu dobavlja\u010du.<\/p>\n<p><a href=\"http:\/\/www.enel-sustav.hr\/wp-content\/uploads\/2016\/10\/slika-91.png\"><img loading=\"lazy\" class=\"size-medium wp-image-556 aligncenter\" src=\"http:\/\/www.enel-sustav.hr\/wp-content\/uploads\/2016\/10\/slika-91-300x169.png\" alt=\"\" width=\"300\" height=\"169\" srcset=\"https:\/\/e-sustav.enel.hr\/wp-content\/uploads\/2016\/10\/slika-91-300x169.png 300w, https:\/\/e-sustav.enel.hr\/wp-content\/uploads\/2016\/10\/slika-91-1030x579.png 1030w, https:\/\/e-sustav.enel.hr\/wp-content\/uploads\/2016\/10\/slika-91-705x396.png 705w, https:\/\/e-sustav.enel.hr\/wp-content\/uploads\/2016\/10\/slika-91-450x253.png 450w, https:\/\/e-sustav.enel.hr\/wp-content\/uploads\/2016\/10\/slika-91.png 1366w\" sizes=\"(max-width: 300px) 100vw, 300px\" \/><\/a><\/p>\n<\/div><\/section>\n\n<style type=\"text\/css\" data-created_by=\"avia_inline_auto\" id=\"style-css-av-av_heading-7afdaa275b5f50581806aaa2b531044f\">\n#top .av-special-heading.av-av_heading-7afdaa275b5f50581806aaa2b531044f{\npadding-bottom:10px;\ncolor:#2d5c88;\n}\nbody .av-special-heading.av-av_heading-7afdaa275b5f50581806aaa2b531044f .av-special-heading-tag .heading-char{\nfont-size:25px;\n}\n.av-special-heading.av-av_heading-7afdaa275b5f50581806aaa2b531044f .special-heading-inner-border{\nborder-color:#2d5c88;\n}\n.av-special-heading.av-av_heading-7afdaa275b5f50581806aaa2b531044f .av-subheading{\nfont-size:15px;\n}\n<\/style>\n<div  class='av-special-heading av-av_heading-7afdaa275b5f50581806aaa2b531044f av-special-heading-h6 custom-color-heading  avia-builder-el-6  el_after_av_textblock  el_before_av_textblock '><h6 class='av-special-heading-tag'  itemprop=\"headline\"  >Zapisnik o kalu<\/h6><div class=\"special-heading-border\"><div class=\"special-heading-inner-border\"><\/div><\/div><\/div>\n<section  class='av_textblock_section av-av_textblock-396ddf1f42196ca838231e61a4602801'  itemscope=\"itemscope\" itemtype=\"https:\/\/schema.org\/CreativeWork\" ><div class='avia_textblock'  itemprop=\"text\" ><p>Uz zapisnik o kalu kao izravna posljedica izrade inventure na skladi\u0161tu podr\u017eana je i funkcionalnost generiranja kala od zadnje inventure.<\/p>\n<p><a href=\"http:\/\/www.enel-sustav.hr\/wp-content\/uploads\/2016\/10\/slika-10.png\"><img loading=\"lazy\" class=\"size-medium wp-image-557 aligncenter\" src=\"http:\/\/www.enel-sustav.hr\/wp-content\/uploads\/2016\/10\/slika-10-300x169.png\" alt=\"\" width=\"300\" height=\"169\" srcset=\"https:\/\/e-sustav.enel.hr\/wp-content\/uploads\/2016\/10\/slika-10-300x169.png 300w, https:\/\/e-sustav.enel.hr\/wp-content\/uploads\/2016\/10\/slika-10-1030x579.png 1030w, https:\/\/e-sustav.enel.hr\/wp-content\/uploads\/2016\/10\/slika-10-705x396.png 705w, https:\/\/e-sustav.enel.hr\/wp-content\/uploads\/2016\/10\/slika-10-450x253.png 450w, https:\/\/e-sustav.enel.hr\/wp-content\/uploads\/2016\/10\/slika-10.png 1366w\" sizes=\"(max-width: 300px) 100vw, 300px\" \/><\/a><\/p>\n<\/div><\/section>\n\n<style type=\"text\/css\" data-created_by=\"avia_inline_auto\" id=\"style-css-av-av_heading-d294e536d32e25567de3cabb83def645\">\n#top .av-special-heading.av-av_heading-d294e536d32e25567de3cabb83def645{\npadding-bottom:10px;\ncolor:#2d5c88;\n}\nbody .av-special-heading.av-av_heading-d294e536d32e25567de3cabb83def645 .av-special-heading-tag .heading-char{\nfont-size:25px;\n}\n.av-special-heading.av-av_heading-d294e536d32e25567de3cabb83def645 .special-heading-inner-border{\nborder-color:#2d5c88;\n}\n.av-special-heading.av-av_heading-d294e536d32e25567de3cabb83def645 .av-subheading{\nfont-size:15px;\n}\n<\/style>\n<div  class='av-special-heading av-av_heading-d294e536d32e25567de3cabb83def645 av-special-heading-h6 custom-color-heading  avia-builder-el-8  el_after_av_textblock  el_before_av_textblock '><h6 class='av-special-heading-tag'  itemprop=\"headline\"  >Izdatnica materijala<\/h6><div class=\"special-heading-border\"><div class=\"special-heading-inner-border\"><\/div><\/div><\/div>\n<section  class='av_textblock_section av-av_textblock-396ddf1f42196ca838231e61a4602801'  itemscope=\"itemscope\" itemtype=\"https:\/\/schema.org\/CreativeWork\" ><div class='avia_textblock'  itemprop=\"text\" ><p>Modul omogu\u0107ava unos, pregled i a\u017euriranje izdatnica materijala na mjesto tro\u0161ka. Nakon unosa skladi\u0161ta i datuma dokumenta potrebno je odabrati pripadaju\u0107a mjesto tro\u0161ka i\/ili organizacijsku jedinicu\/djelatnika na koje se izdatnica knji\u017ei.<\/p>\n<p><a href=\"http:\/\/www.enel-sustav.hr\/wp-content\/uploads\/2016\/10\/slika-11.png\"><img loading=\"lazy\" class=\"size-medium wp-image-558 aligncenter\" src=\"http:\/\/www.enel-sustav.hr\/wp-content\/uploads\/2016\/10\/slika-11-300x169.png\" alt=\"\" width=\"300\" height=\"169\" srcset=\"https:\/\/e-sustav.enel.hr\/wp-content\/uploads\/2016\/10\/slika-11-300x169.png 300w, https:\/\/e-sustav.enel.hr\/wp-content\/uploads\/2016\/10\/slika-11-1030x579.png 1030w, https:\/\/e-sustav.enel.hr\/wp-content\/uploads\/2016\/10\/slika-11-705x396.png 705w, https:\/\/e-sustav.enel.hr\/wp-content\/uploads\/2016\/10\/slika-11-450x253.png 450w, https:\/\/e-sustav.enel.hr\/wp-content\/uploads\/2016\/10\/slika-11.png 1366w\" sizes=\"(max-width: 300px) 100vw, 300px\" \/><\/a><\/p>\n<\/div><\/section>\n","protected":false},"excerpt":{"rendered":"","protected":false},"author":1,"featured_media":0,"parent":540,"menu_order":0,"comment_status":"open","ping_status":"open","template":"","meta":[],"_links":{"self":[{"href":"https:\/\/e-sustav.enel.hr\/index.php?rest_route=\/wp\/v2\/pages\/552"}],"collection":[{"href":"https:\/\/e-sustav.enel.hr\/index.php?rest_route=\/wp\/v2\/pages"}],"about":[{"href":"https:\/\/e-sustav.enel.hr\/index.php?rest_route=\/wp\/v2\/types\/page"}],"author":[{"embeddable":true,"href":"https:\/\/e-sustav.enel.hr\/index.php?rest_route=\/wp\/v2\/users\/1"}],"replies":[{"embeddable":true,"href":"https:\/\/e-sustav.enel.hr\/index.php?rest_route=%2Fwp%2Fv2%2Fcomments&post=552"}],"version-history":[{"count":6,"href":"https:\/\/e-sustav.enel.hr\/index.php?rest_route=\/wp\/v2\/pages\/552\/revisions"}],"predecessor-version":[{"id":708,"href":"https:\/\/e-sustav.enel.hr\/index.php?rest_route=\/wp\/v2\/pages\/552\/revisions\/708"}],"up":[{"embeddable":true,"href":"https:\/\/e-sustav.enel.hr\/index.php?rest_route=\/wp\/v2\/pages\/540"}],"wp:attachment":[{"href":"https:\/\/e-sustav.enel.hr\/index.php?rest_route=%2Fwp%2Fv2%2Fmedia&parent=552"}],"curies":[{"name":"wp","href":"https:\/\/api.w.org\/{rel}","templated":true}]}}