{"id":540,"date":"2016-10-05T09:07:49","date_gmt":"2016-10-05T08:07:49","guid":{"rendered":"http:\/\/www.enel-sustav.hr\/?page_id=540"},"modified":"2017-09-21T11:36:47","modified_gmt":"2017-09-21T10:36:47","slug":"funkcionalnosti-specijaliziranog-erp-rjesenja","status":"publish","type":"page","link":"https:\/\/e-sustav.enel.hr\/?page_id=540","title":{"rendered":"Funkcionalnosti specijaliziranog ERP rje\u0161enja"},"content":{"rendered":"\n<style type=\"text\/css\" data-created_by=\"avia_inline_auto\" id=\"style-css-av-av_one_full-6126cab7d8fab8d08143dd2dacdf673c\">\n.flex_column.av-av_one_full-6126cab7d8fab8d08143dd2dacdf673c{\nborder-radius:0px 0px 0px 0px;\n-webkit-border-radius:0px 0px 0px 0px;\n-moz-border-radius:0px 0px 0px 0px;\n}\n<\/style>\n<div class='flex_column av-av_one_full-6126cab7d8fab8d08143dd2dacdf673c av_one_full  avia-builder-el-0  el_before_av_one_full  avia-builder-el-first  first flex_column_div av-zero-column-padding '   ><section  class='av_textblock_section av-av_textblock-396ddf1f42196ca838231e61a4602801'  itemscope=\"itemscope\" itemtype=\"https:\/\/schema.org\/CreativeWork\" ><div class='avia_textblock'  itemprop=\"text\" ><p>Sustav \u010dini nekoliko funkcionalnih cjelina:<\/p>\n<\/div><\/section><\/div>\n\n<style type=\"text\/css\" data-created_by=\"avia_inline_auto\" id=\"style-css-av-av_one_full-6126cab7d8fab8d08143dd2dacdf673c\">\n.flex_column.av-av_one_full-6126cab7d8fab8d08143dd2dacdf673c{\nborder-radius:0px 0px 0px 0px;\n-webkit-border-radius:0px 0px 0px 0px;\n-moz-border-radius:0px 0px 0px 0px;\n}\n<\/style>\n<div class='flex_column av-av_one_full-6126cab7d8fab8d08143dd2dacdf673c av_one_full  avia-builder-el-2  el_after_av_one_full  el_before_av_hr  first flex_column_div av-zero-column-padding column-top-margin'   ><style type=\"text\/css\" data-created_by=\"avia_inline_auto\" id=\"style-css-av-av_iconlist-f1fae71174272706c995d0a616ceec54\">\n#top .avia-icon-list-container.av-av_iconlist-f1fae71174272706c995d0a616ceec54 .iconlist_icon{\nbackground-color:#2d5c88;\n}\n#top #wrap_all .avia-icon-list-container.av-av_iconlist-f1fae71174272706c995d0a616ceec54 .av_iconlist_title{\ncolor:#919191;\n}\n<\/style>\n<div  class='avia-icon-list-container av-av_iconlist-f1fae71174272706c995d0a616ceec54  avia-builder-el-3  avia-builder-el-no-sibling '><ul class='avia-icon-list avia_animate_when_almost_visible avia-icon-list-left av-iconlist-big av-av_iconlist-f1fae71174272706c995d0a616ceec54 avia-iconlist-animate'>\n<li><a href='http:\/\/www.enel-sustav.hr\/?page_id=536' title='Financijsko poslovanje'  class='iconlist_icon av-av_iconlist_item-c120559699831643c23381c1478e5ed6 avia-font-entypo-fontello'><span class='iconlist-char' aria-hidden='true' data-av_icon='\ue84d' data-av_iconfont='entypo-fontello'><\/span><\/a><article class=\"article-icon-entry av-iconlist-empty\"  itemscope=\"itemscope\" itemtype=\"https:\/\/schema.org\/CreativeWork\" ><div class=\"iconlist_content_wrap\"><header class=\"entry-content-header\"><h4 class='av_iconlist_title iconlist_title  av_inherit_color'  itemprop=\"headline\" ><a href='http:\/\/www.enel-sustav.hr\/?page_id=536' title='Financijsko poslovanje'>Financijsko poslovanje<\/a><\/h4><\/header><div class='iconlist_content '  itemprop=\"text\" ><\/div><\/div><footer class=\"entry-footer\"><\/footer><\/article><div class=\"iconlist-timeline\"><\/div><\/li>\n<li><a href='http:\/\/www.enel-sustav.hr\/?page_id=552' title='Robno i materijalno poslovanje'  class='iconlist_icon av-av_iconlist_item-4eeaf936a0ce50a7fae7d7171b7e9884 avia-font-entypo-fontello'><span class='iconlist-char' aria-hidden='true' data-av_icon='\ue827' data-av_iconfont='entypo-fontello'><\/span><\/a><article class=\"article-icon-entry av-iconlist-empty\"  itemscope=\"itemscope\" itemtype=\"https:\/\/schema.org\/CreativeWork\" ><div class=\"iconlist_content_wrap\"><header class=\"entry-content-header\"><h4 class='av_iconlist_title iconlist_title  av_inherit_color'  itemprop=\"headline\" ><a href='http:\/\/www.enel-sustav.hr\/?page_id=552' title='Robno i materijalno poslovanje'>Robno i materijalno poslovanje<\/a><\/h4><\/header><div class='iconlist_content '  itemprop=\"text\" ><\/div><\/div><footer class=\"entry-footer\"><\/footer><\/article><div class=\"iconlist-timeline\"><\/div><\/li>\n<li><a href='http:\/\/www.enel-sustav.hr\/?page_id=576' title='Pla\u0107e i kadrovska evidencija'  class='iconlist_icon av-av_iconlist_item-c52d908b3e2f02824e4245c2efada3e7 avia-font-entypo-fontello'><span class='iconlist-char' aria-hidden='true' data-av_icon='\ue80b' data-av_iconfont='entypo-fontello'><\/span><\/a><article class=\"article-icon-entry av-iconlist-empty\"  itemscope=\"itemscope\" itemtype=\"https:\/\/schema.org\/CreativeWork\" ><div class=\"iconlist_content_wrap\"><header class=\"entry-content-header\"><h4 class='av_iconlist_title iconlist_title  av_inherit_color'  itemprop=\"headline\" ><a href='http:\/\/www.enel-sustav.hr\/?page_id=576' title='Pla\u0107e i kadrovska evidencija'>Pla\u0107e i kadrovska evidencija<\/a><\/h4><\/header><div class='iconlist_content '  itemprop=\"text\" ><\/div><\/div><footer class=\"entry-footer\"><\/footer><\/article><div class=\"iconlist-timeline\"><\/div><\/li>\n<li><a href='http:\/\/www.enel-sustav.hr\/?page_id=563' title='Dugotrajna imovina'  class='iconlist_icon av-av_iconlist_item-05858bb1d81e902df90d805df89b6eca avia-font-entypo-fontello'><span class='iconlist-char' aria-hidden='true' data-av_icon='\ue821' data-av_iconfont='entypo-fontello'><\/span><\/a><article class=\"article-icon-entry av-iconlist-empty\"  itemscope=\"itemscope\" itemtype=\"https:\/\/schema.org\/CreativeWork\" ><div class=\"iconlist_content_wrap\"><header class=\"entry-content-header\"><h4 class='av_iconlist_title iconlist_title  av_inherit_color'  itemprop=\"headline\" ><a href='http:\/\/www.enel-sustav.hr\/?page_id=563' title='Dugotrajna imovina'>Dugotrajna imovina<\/a><\/h4><\/header><div class='iconlist_content '  itemprop=\"text\" ><\/div><\/div><footer class=\"entry-footer\"><\/footer><\/article><div class=\"iconlist-timeline\"><\/div><\/li>\n<\/ul><\/div><\/div>\n<style type=\"text\/css\" data-created_by=\"avia_inline_auto\" id=\"style-css-av-av_hr-ba0319edf04fd62ab826e21dc9605d56\">\n#top .hr.hr-invisible.av-av_hr-ba0319edf04fd62ab826e21dc9605d56{\nheight:35px;\n}\n<\/style>\n<div  class='hr av-av_hr-ba0319edf04fd62ab826e21dc9605d56 hr-invisible  avia-builder-el-4  el_after_av_one_full  el_before_av_textblock '><span class='hr-inner '><span class=\"hr-inner-style\"><\/span><\/span><\/div><\/p>\n<section  class='av_textblock_section av-av_textblock-396ddf1f42196ca838231e61a4602801'  itemscope=\"itemscope\" itemtype=\"https:\/\/schema.org\/CreativeWork\" ><div class='avia_textblock'  itemprop=\"text\" ><p>Svaka od navedenih cjelina \u00a0razlo\u017eena je na pojedine osnovne funkcije. Sve navedene funkcije podr\u017eane su gotovim izvje\u0161\u0107ima, od onih jednostavnih\u00a0 pa do slo\u017eenih, koja su proizvod slo\u017eenih izra\u010duna i\/ili analiza i vi\u0161estrukog filtriranja podataka.<\/p>\n<p style=\"text-align: center;\"><a href=\"http:\/\/www.enel-sustav.hr\/wp-content\/uploads\/2016\/10\/1.-slika.png\"><img loading=\"lazy\" class=\"size-medium wp-image-541 aligncenter\" src=\"http:\/\/www.enel-sustav.hr\/wp-content\/uploads\/2016\/10\/1.-slika-300x151.png\" alt=\"\" width=\"300\" height=\"151\" srcset=\"https:\/\/e-sustav.enel.hr\/wp-content\/uploads\/2016\/10\/1.-slika-300x151.png 300w, https:\/\/e-sustav.enel.hr\/wp-content\/uploads\/2016\/10\/1.-slika-1030x520.png 1030w, https:\/\/e-sustav.enel.hr\/wp-content\/uploads\/2016\/10\/1.-slika-705x356.png 705w, https:\/\/e-sustav.enel.hr\/wp-content\/uploads\/2016\/10\/1.-slika-450x227.png 450w, https:\/\/e-sustav.enel.hr\/wp-content\/uploads\/2016\/10\/1.-slika.png 1368w\" sizes=\"(max-width: 300px) 100vw, 300px\" \/><\/a><\/p>\n<\/div><\/section>\n","protected":false},"excerpt":{"rendered":"","protected":false},"author":1,"featured_media":0,"parent":522,"menu_order":0,"comment_status":"open","ping_status":"open","template":"","meta":[],"_links":{"self":[{"href":"https:\/\/e-sustav.enel.hr\/index.php?rest_route=\/wp\/v2\/pages\/540"}],"collection":[{"href":"https:\/\/e-sustav.enel.hr\/index.php?rest_route=\/wp\/v2\/pages"}],"about":[{"href":"https:\/\/e-sustav.enel.hr\/index.php?rest_route=\/wp\/v2\/types\/page"}],"author":[{"embeddable":true,"href":"https:\/\/e-sustav.enel.hr\/index.php?rest_route=\/wp\/v2\/users\/1"}],"replies":[{"embeddable":true,"href":"https:\/\/e-sustav.enel.hr\/index.php?rest_route=%2Fwp%2Fv2%2Fcomments&post=540"}],"version-history":[{"count":9,"href":"https:\/\/e-sustav.enel.hr\/index.php?rest_route=\/wp\/v2\/pages\/540\/revisions"}],"predecessor-version":[{"id":543,"href":"https:\/\/e-sustav.enel.hr\/index.php?rest_route=\/wp\/v2\/pages\/540\/revisions\/543"}],"up":[{"embeddable":true,"href":"https:\/\/e-sustav.enel.hr\/index.php?rest_route=\/wp\/v2\/pages\/522"}],"wp:attachment":[{"href":"https:\/\/e-sustav.enel.hr\/index.php?rest_route=%2Fwp%2Fv2%2Fmedia&parent=540"}],"curies":[{"name":"wp","href":"https:\/\/api.w.org\/{rel}","templated":true}]}}