{"id":51,"date":"2015-02-11T12:05:05","date_gmt":"2015-02-11T11:05:05","guid":{"rendered":"http:\/\/www.enel-sustav.hr\/?page_id=51"},"modified":"2020-03-09T10:52:21","modified_gmt":"2020-03-09T09:52:21","slug":"pregled-rjesenja","status":"publish","type":"page","link":"https:\/\/e-sustav.enel.hr\/?page_id=51","title":{"rendered":"Prednosti rje\u0161enja"},"content":{"rendered":"\n<style type=\"text\/css\" data-created_by=\"avia_inline_auto\" id=\"style-css-av-67dpf-36d6c4a7cbd9c9e9a7e8c3fa6a9e980a\">\n.flex_column.av-67dpf-36d6c4a7cbd9c9e9a7e8c3fa6a9e980a{\nborder-radius:0px 0px 0px 0px;\n-webkit-border-radius:0px 0px 0px 0px;\n-moz-border-radius:0px 0px 0px 0px;\n}\n<\/style>\n<div class='flex_column av-67dpf-36d6c4a7cbd9c9e9a7e8c3fa6a9e980a av_one_full  avia-builder-el-0  el_before_av_heading  avia-builder-el-first  first flex_column_div av-zero-column-padding '   ><section  class='av_textblock_section av-5xtkj-9d0c16837e9fc5029b9ac6638e87d200'  itemscope=\"itemscope\" itemtype=\"https:\/\/schema.org\/CreativeWork\" ><div class='avia_textblock'  itemprop=\"text\" ><p>Zahvaljuju\u0107i velikoj koli\u010dini funkcionalnosti i tehnolo\u0161koj arhitekturi rje\u0161enja, Sustav ERP\u00a0\u00ae karakteriziraju:<\/p>\n<ul>\n<li><strong>Brza implementacija rje\u0161enja-\u00a0<\/strong>Zahvaljuju\u0107i tehnolo\u0161koj arhitekturi i iskustvu na\u0161ih djelatnika, implementacija i pokretanje Sustava provodi se u kratkom vremenskom roku uz minimalno ometanje redovnog rada klijenta<\/li>\n<\/ul>\n<ul>\n<li><strong>Bolji povrat investicije-\u00a0<\/strong>Bolji povrat investicije korisnika rezultat je brzog pobolj\u0161anja poslovnih procesa uvo\u0111enjem rje\u0161enja Sustav ERP\u00a0\u00ae.<\/li>\n<\/ul>\n<ul>\n<li><strong>Integracija procesa i podataka-\u00a0<\/strong>Osnovni podaci vezani uz poslovni doga\u0111aj unose se u Sustav ERP\u00a0\u00ae\u00a0samo jednom, nakon \u010dega su ti podaci dostupni svima koji su uklju\u010deni u obradu tog poslovnog doga\u0111aja (procesa) za analizu i izvje\u0161tavanje. U\u00a0potpunosti\u00a0podr\u017eava rad centralne lokacije i udaljenih objekata pa su informacije o trenutnom stanju robe i prometa a\u017eurne u realnom vremenu.<\/li>\n<\/ul>\n<ul>\n<li><strong>Modularnost i prilagodljivost-\u00a0<\/strong>Rje\u0161enje je prilagodljivo promjenama u poslovnim procesima i organizacijskim strukturama. Tako\u0111er, ovisno o potrebama klijenta mogu\u0107e je implementirati samo pojedine module kao cjelovite funkcionalne cjeline sa pripadaju\u0107im\u00a0su\u010deljima.<\/li>\n<\/ul>\n<ul>\n<li><strong>Skalabilnost i strukturiranost &#8211;\u00a0<\/strong>Sustav ERP\u00a0\u00ae\u00a0\u00a0vam omogu\u0107ava neograni\u010deni rast poslovanja. Funkcionalnost i u\u010dinkovitost rje\u0161enja je neovisna o promjeni broja korisnika, koli\u010dine podataka, broja transakcija i koli\u010dine poslovnih procesa.<\/li>\n<\/ul>\n<ul>\n<li><strong>Sigurnost i povezivost &#8211;\u00a0<\/strong>Za\u0161tita podataka od ne\u017eeljenih i neovla\u0161tenih intervencija spada me\u0111u najva\u017enije zahtjeve na poslovni informacijski Sustav ERP\u00a0\u00ae. Osnova za\u0161tite su posebno razvijene funkcije sigurnosti na nivou dostupnosti podataka pojedinim sudionicima u poslovnom procesu.\u00a0Dodatni faktor za\u0161tite od neovla\u0161tenog pristupa podacima je i sama tehnolo\u0161ka struktura na Microsoft platformi.<\/li>\n<\/ul>\n<\/div><\/section><\/div>\n\n<style type=\"text\/css\" data-created_by=\"avia_inline_auto\" id=\"style-css-av-av_heading-ad70c91ccc421eb02ef1f767d62711bc\">\n#top .av-special-heading.av-av_heading-ad70c91ccc421eb02ef1f767d62711bc{\npadding-bottom:10px;\n}\nbody .av-special-heading.av-av_heading-ad70c91ccc421eb02ef1f767d62711bc .av-special-heading-tag .heading-char{\nfont-size:25px;\n}\n.av-special-heading.av-av_heading-ad70c91ccc421eb02ef1f767d62711bc .av-subheading{\nfont-size:15px;\n}\n<\/style>\n<div  class='av-special-heading av-av_heading-ad70c91ccc421eb02ef1f767d62711bc av-special-heading-h5 meta-heading  avia-builder-el-2  el_after_av_one_full  el_before_av_one_full '><h5 class='av-special-heading-tag'  itemprop=\"headline\"  >Saznajte vi\u0161e<\/h5><div class=\"special-heading-border\"><div class=\"special-heading-inner-border\"><\/div><\/div><\/div>\n\n<style type=\"text\/css\" data-created_by=\"avia_inline_auto\" id=\"style-css-av-4pprf-fed0e3cfdd92c8ba1c5de47ac8f0da2f\">\n.flex_column.av-4pprf-fed0e3cfdd92c8ba1c5de47ac8f0da2f{\nborder-radius:0px 0px 0px 0px;\n-webkit-border-radius:0px 0px 0px 0px;\n-moz-border-radius:0px 0px 0px 0px;\n}\n<\/style>\n<div class='flex_column av-4pprf-fed0e3cfdd92c8ba1c5de47ac8f0da2f av_one_full  avia-builder-el-3  el_after_av_heading  avia-builder-el-last  first flex_column_div av-zero-column-padding '   ><p>\n<style type=\"text\/css\" data-created_by=\"avia_inline_auto\" id=\"style-css-av-3sclr-8fb373aa7efd1a70176636773989e05b\">\n#top .hr.hr-invisible.av-3sclr-8fb373aa7efd1a70176636773989e05b{\nheight:10px;\n}\n<\/style>\n<div  class='hr av-3sclr-8fb373aa7efd1a70176636773989e05b hr-invisible  avia-builder-el-4  el_before_av_iconlist  avia-builder-el-first '><span class='hr-inner '><span class=\"hr-inner-style\"><\/span><\/span><\/div><br \/>\n\n<style type=\"text\/css\" data-created_by=\"avia_inline_auto\" id=\"style-css-av-37fqz-3245323305b99ee6861d6ed3a0fefcc8\">\n#top .avia-icon-list-container.av-37fqz-3245323305b99ee6861d6ed3a0fefcc8 .iconlist_icon{\ncolor:#ffffff;\nbackground-color:#2d5c88;\n}\n<\/style>\n<div  class='avia-icon-list-container av-37fqz-3245323305b99ee6861d6ed3a0fefcc8  avia-builder-el-5  el_after_av_hr  avia-builder-el-last '><ul class='avia-icon-list avia_animate_when_almost_visible avia-icon-list-left av-iconlist-big av-37fqz-3245323305b99ee6861d6ed3a0fefcc8 avia-iconlist-animate'>\n<li><a href='https:\/\/e-sustav.enel.hr\/?page_id=63' title='Funkcionalnosti rje\u0161enja'  target=\"_blank\"  rel=\"noopener noreferrer\" class='iconlist_icon av-a2b3-beea50c0f938b16965ec53f0c565202e avia-font-entypo-fontello'><span class='iconlist-char' aria-hidden='true' data-av_icon='\ue823' data-av_iconfont='entypo-fontello'><\/span><\/a><article class=\"article-icon-entry av-iconlist-empty\"  itemscope=\"itemscope\" itemtype=\"https:\/\/schema.org\/CreativeWork\" ><div class=\"iconlist_content_wrap\"><header class=\"entry-content-header\"><h4 class='av_iconlist_title iconlist_title  '  itemprop=\"headline\" ><a href='https:\/\/e-sustav.enel.hr\/?page_id=63' title='Funkcionalnosti rje\u0161enja' target=\"_blank\"  rel=\"noopener noreferrer\">Funkcionalnosti rje\u0161enja<\/a><\/h4><\/header><div class='iconlist_content '  itemprop=\"text\" ><\/div><\/div><footer class=\"entry-footer\"><\/footer><\/article><div class=\"iconlist-timeline\"><\/div><\/li>\n<li><a href='https:\/\/e-sustav.enel.hr\/?page_id=71' title='Sustav Plus - izvje\u0161tajni sustav'  target=\"_blank\"  rel=\"noopener noreferrer\" class='iconlist_icon av-2djfr-ff776da55ea4372bdca2d958dbe87983 avia-font-entypo-fontello'><span class='iconlist-char' aria-hidden='true' data-av_icon='\ue817' data-av_iconfont='entypo-fontello'><\/span><\/a><article class=\"article-icon-entry av-iconlist-empty\"  itemscope=\"itemscope\" itemtype=\"https:\/\/schema.org\/CreativeWork\" ><div class=\"iconlist_content_wrap\"><header class=\"entry-content-header\"><h4 class='av_iconlist_title iconlist_title  '  itemprop=\"headline\" ><a href='https:\/\/e-sustav.enel.hr\/?page_id=71' title='Sustav Plus - izvje\u0161tajni sustav' target=\"_blank\"  rel=\"noopener noreferrer\">Sustav Plus - izvje\u0161tajni sustav<\/a><\/h4><\/header><div class='iconlist_content '  itemprop=\"text\" ><\/div><\/div><footer class=\"entry-footer\"><\/footer><\/article><div class=\"iconlist-timeline\"><\/div><\/li>\n<li><a href='https:\/\/e-sustav.enel.hr\/?page_id=522' title='Specijalizirano ERP rje\u0161enje'  target=\"_blank\"  rel=\"noopener noreferrer\" class='iconlist_icon av-1kxyn-861050357d16f397b6928f6164de0db8 avia-font-entypo-fontello'><span class='iconlist-char' aria-hidden='true' data-av_icon='\ue822' data-av_iconfont='entypo-fontello'><\/span><\/a><article class=\"article-icon-entry av-iconlist-empty\"  itemscope=\"itemscope\" itemtype=\"https:\/\/schema.org\/CreativeWork\" ><div class=\"iconlist_content_wrap\"><header class=\"entry-content-header\"><h4 class='av_iconlist_title iconlist_title  '  itemprop=\"headline\" ><a href='https:\/\/e-sustav.enel.hr\/?page_id=522' title='Specijalizirano ERP rje\u0161enje' target=\"_blank\"  rel=\"noopener noreferrer\">Specijalizirano ERP rje\u0161enje<\/a><\/h4><\/header><div class='iconlist_content '  itemprop=\"text\" ><\/div><\/div><footer class=\"entry-footer\"><\/footer><\/article><div class=\"iconlist-timeline\"><\/div><\/li>\n<li><a href='https:\/\/e-sustav.enel.hr\/?page_id=26' title='Reference'  target=\"_blank\"  rel=\"noopener noreferrer\" class='iconlist_icon av-3kfn-82f69412efb3f77000f89ffe3b82de47 avia-font-entypo-fontello'><span class='iconlist-char' aria-hidden='true' data-av_icon='\ue83c' data-av_iconfont='entypo-fontello'><\/span><\/a><article class=\"article-icon-entry av-iconlist-empty\"  itemscope=\"itemscope\" itemtype=\"https:\/\/schema.org\/CreativeWork\" ><div class=\"iconlist_content_wrap\"><header class=\"entry-content-header\"><h4 class='av_iconlist_title iconlist_title  '  itemprop=\"headline\" ><a href='https:\/\/e-sustav.enel.hr\/?page_id=26' title='Reference' target=\"_blank\"  rel=\"noopener noreferrer\">Reference<\/a><\/h4><\/header><div class='iconlist_content '  itemprop=\"text\" ><\/div><\/div><footer class=\"entry-footer\"><\/footer><\/article><div class=\"iconlist-timeline\"><\/div><\/li>\n<\/ul><\/div><\/p><\/div>\n","protected":false},"excerpt":{"rendered":"","protected":false},"author":1,"featured_media":0,"parent":16,"menu_order":0,"comment_status":"open","ping_status":"open","template":"","meta":[],"_links":{"self":[{"href":"https:\/\/e-sustav.enel.hr\/index.php?rest_route=\/wp\/v2\/pages\/51"}],"collection":[{"href":"https:\/\/e-sustav.enel.hr\/index.php?rest_route=\/wp\/v2\/pages"}],"about":[{"href":"https:\/\/e-sustav.enel.hr\/index.php?rest_route=\/wp\/v2\/types\/page"}],"author":[{"embeddable":true,"href":"https:\/\/e-sustav.enel.hr\/index.php?rest_route=\/wp\/v2\/users\/1"}],"replies":[{"embeddable":true,"href":"https:\/\/e-sustav.enel.hr\/index.php?rest_route=%2Fwp%2Fv2%2Fcomments&post=51"}],"version-history":[{"count":20,"href":"https:\/\/e-sustav.enel.hr\/index.php?rest_route=\/wp\/v2\/pages\/51\/revisions"}],"predecessor-version":[{"id":934,"href":"https:\/\/e-sustav.enel.hr\/index.php?rest_route=\/wp\/v2\/pages\/51\/revisions\/934"}],"up":[{"embeddable":true,"href":"https:\/\/e-sustav.enel.hr\/index.php?rest_route=\/wp\/v2\/pages\/16"}],"wp:attachment":[{"href":"https:\/\/e-sustav.enel.hr\/index.php?rest_route=%2Fwp%2Fv2%2Fmedia&parent=51"}],"curies":[{"name":"wp","href":"https:\/\/api.w.org\/{rel}","templated":true}]}}