{"id":465,"date":"2016-02-24T13:35:26","date_gmt":"2016-02-24T12:35:26","guid":{"rendered":"http:\/\/www.enel-sustav.hr\/?page_id=465"},"modified":"2018-09-01T12:29:24","modified_gmt":"2018-09-01T11:29:24","slug":"place-kadrovska-evidencija","status":"publish","type":"page","link":"https:\/\/e-sustav.enel.hr\/?page_id=465","title":{"rendered":"Pla\u0107e i kadrovska evidencija"},"content":{"rendered":"<p><strong>Pla\u0107e i kadrovska evidencija<\/strong> je podsustav koji vodi evidenciju svih zaposlenih u poduze\u0107u, te vr\u0161i obra\u010dun pla\u0107a po zadanim parametrima obra\u010duna, a u ovisnosti o evidenciji radnog vremena u zadanom periodu. Podsustav je formiran tako da se mo\u017ee prilagoditi raznim obra\u010dunima u ovisnosti o potrebama poduze\u0107a. Zakonske propise u potpunosti podr\u017eava i omogu\u0107ava ispis svih potrebnih dokumenata i rekapitulacija.<\/p>\n<p>&nbsp;<\/p>\n<p><strong>1.1. Kadrovska evidencija<\/strong><\/p>\n<p><a href=\"http:\/\/www.enel-sustav.hr\/wp-content\/uploads\/2016\/02\/Pravilnik-o-godisnjem-odmoru-na-temelju-kojeg-se-zaposlenicima-automatski-generiraju-dani-godisnjeg-odmora-te-se-upisuju-u-kadrovsku-evidenciju.jpg\"><img loading=\"lazy\" class=\" size-medium wp-image-466 aligncenter\" src=\"http:\/\/www.enel-sustav.hr\/wp-content\/uploads\/2016\/02\/Pravilnik-o-godisnjem-odmoru-na-temelju-kojeg-se-zaposlenicima-automatski-generiraju-dani-godisnjeg-odmora-te-se-upisuju-u-kadrovsku-evidenciju-300x210.jpg\" alt=\"Pravilnik o godisnjem odmoru na temelju kojeg se zaposlenicima automatski generiraju dani godisnjeg odmora te se upisuju u kadrovsku evidenciju\" width=\"300\" height=\"210\" srcset=\"https:\/\/e-sustav.enel.hr\/wp-content\/uploads\/2016\/02\/Pravilnik-o-godisnjem-odmoru-na-temelju-kojeg-se-zaposlenicima-automatski-generiraju-dani-godisnjeg-odmora-te-se-upisuju-u-kadrovsku-evidenciju-300x210.jpg 300w, https:\/\/e-sustav.enel.hr\/wp-content\/uploads\/2016\/02\/Pravilnik-o-godisnjem-odmoru-na-temelju-kojeg-se-zaposlenicima-automatski-generiraju-dani-godisnjeg-odmora-te-se-upisuju-u-kadrovsku-evidenciju-450x316.jpg 450w, https:\/\/e-sustav.enel.hr\/wp-content\/uploads\/2016\/02\/Pravilnik-o-godisnjem-odmoru-na-temelju-kojeg-se-zaposlenicima-automatski-generiraju-dani-godisnjeg-odmora-te-se-upisuju-u-kadrovsku-evidenciju.jpg 650w\" sizes=\"(max-width: 300px) 100vw, 300px\" \/><\/a><\/p>\n<p style=\"text-align: center\"><em>Slika: Pravilnik o godi\u0161njem odmoru na temelju kojeg se zaposlenicima automatski generiraju dani godi\u0161njeg odmora te se upisuju u kadrovsku evidenciju<\/em><\/p>\n\n<style type=\"text\/css\" data-created_by=\"avia_inline_auto\" id=\"style-css-av-4mz5t-6749c7d8d3df84a8afd0d79f7d0daa8e\">\n#top .hr.hr-invisible.av-4mz5t-6749c7d8d3df84a8afd0d79f7d0daa8e{\nheight:50px;\n}\n<\/style>\n<div  class='hr av-4mz5t-6749c7d8d3df84a8afd0d79f7d0daa8e hr-invisible  avia-builder-el-0  el_before_av_hr  avia-builder-el-first '><span class='hr-inner '><span class=\"hr-inner-style\"><\/span><\/span><\/div>\n<p><a href=\"http:\/\/www.enel-sustav.hr\/wp-content\/uploads\/2016\/02\/Automatski-ispis-rjesenja-o-godisnjem-odmoru-u-Wordu.jpg\"><img loading=\"lazy\" class=\" size-medium wp-image-467 aligncenter\" src=\"http:\/\/www.enel-sustav.hr\/wp-content\/uploads\/2016\/02\/Automatski-ispis-rjesenja-o-godisnjem-odmoru-u-Wordu-300x200.jpg\" alt=\"Automatski ispis rjesenja o godisnjem odmoru u Wordu\" width=\"300\" height=\"200\" srcset=\"https:\/\/e-sustav.enel.hr\/wp-content\/uploads\/2016\/02\/Automatski-ispis-rjesenja-o-godisnjem-odmoru-u-Wordu-300x200.jpg 300w, https:\/\/e-sustav.enel.hr\/wp-content\/uploads\/2016\/02\/Automatski-ispis-rjesenja-o-godisnjem-odmoru-u-Wordu.jpg 636w, https:\/\/e-sustav.enel.hr\/wp-content\/uploads\/2016\/02\/Automatski-ispis-rjesenja-o-godisnjem-odmoru-u-Wordu-450x301.jpg 450w\" sizes=\"(max-width: 300px) 100vw, 300px\" \/><\/a><\/p>\n<p><a href=\"http:\/\/www.enel-sustav.hr\/wp-content\/uploads\/2016\/04\/Automatski-ispis-rjesenja-o-godisnjem-odmoru-u-Wordu-2.png\"><img loading=\"lazy\" class=\" wp-image-501 size-medium aligncenter\" src=\"http:\/\/www.enel-sustav.hr\/wp-content\/uploads\/2016\/04\/Automatski-ispis-rjesenja-o-godisnjem-odmoru-u-Wordu-2-300x224.png\" alt=\"\" width=\"300\" height=\"224\" srcset=\"https:\/\/e-sustav.enel.hr\/wp-content\/uploads\/2016\/04\/Automatski-ispis-rjesenja-o-godisnjem-odmoru-u-Wordu-2-300x224.png 300w, https:\/\/e-sustav.enel.hr\/wp-content\/uploads\/2016\/04\/Automatski-ispis-rjesenja-o-godisnjem-odmoru-u-Wordu-2-705x526.png 705w, https:\/\/e-sustav.enel.hr\/wp-content\/uploads\/2016\/04\/Automatski-ispis-rjesenja-o-godisnjem-odmoru-u-Wordu-2-450x336.png 450w, https:\/\/e-sustav.enel.hr\/wp-content\/uploads\/2016\/04\/Automatski-ispis-rjesenja-o-godisnjem-odmoru-u-Wordu-2.png 712w\" sizes=\"(max-width: 300px) 100vw, 300px\" \/><\/a><\/p>\n<p style=\"text-align: center\"><em>Slika:\u00a0Automatski ispis rje\u0161enja o godi\u0161njem odmoru u Wordu<\/em><\/p>\n<p style=\"text-align: center\">\n<style type=\"text\/css\" data-created_by=\"avia_inline_auto\" id=\"style-css-av-134sep-15cff97c8b053f26c12da802a0bfba4b\">\n#top .hr.hr-invisible.av-134sep-15cff97c8b053f26c12da802a0bfba4b{\nheight:50px;\n}\n<\/style>\n<div  class='hr av-134sep-15cff97c8b053f26c12da802a0bfba4b hr-invisible  avia-builder-el-1  el_after_av_hr  el_before_av_hr '><span class='hr-inner '><span class=\"hr-inner-style\"><\/span><\/span><\/div><\/p>\n<p style=\"text-align: center\"><a href=\"http:\/\/www.enel-sustav.hr\/wp-content\/uploads\/2016\/02\/Automatsko-generiranje-prijevoza-pokaz-rute-prijevoza.jpg\"><img loading=\"lazy\" class=\"alignnone size-medium wp-image-469\" src=\"http:\/\/www.enel-sustav.hr\/wp-content\/uploads\/2016\/02\/Automatsko-generiranje-prijevoza-pokaz-rute-prijevoza-300x189.jpg\" alt=\"Automatsko generiranje prijevoza (pokaz, rute prijevoza)\" width=\"300\" height=\"189\" srcset=\"https:\/\/e-sustav.enel.hr\/wp-content\/uploads\/2016\/02\/Automatsko-generiranje-prijevoza-pokaz-rute-prijevoza-300x189.jpg 300w, https:\/\/e-sustav.enel.hr\/wp-content\/uploads\/2016\/02\/Automatsko-generiranje-prijevoza-pokaz-rute-prijevoza-450x283.jpg 450w, https:\/\/e-sustav.enel.hr\/wp-content\/uploads\/2016\/02\/Automatsko-generiranje-prijevoza-pokaz-rute-prijevoza.jpg 619w\" sizes=\"(max-width: 300px) 100vw, 300px\" \/><\/a><\/p>\n<p style=\"text-align: center\"><em>Slika:\u00a0Automatsko generiranje prijevoza (pokaz, rute prijevoza)<\/em><\/p>\n<p style=\"text-align: center\">\n<style type=\"text\/css\" data-created_by=\"avia_inline_auto\" id=\"style-css-av-uiqdd-a5d84ea2624be5717025e9b1f99ca406\">\n#top .hr.hr-invisible.av-uiqdd-a5d84ea2624be5717025e9b1f99ca406{\nheight:50px;\n}\n<\/style>\n<div  class='hr av-uiqdd-a5d84ea2624be5717025e9b1f99ca406 hr-invisible  avia-builder-el-2  el_after_av_hr  el_before_av_hr '><span class='hr-inner '><span class=\"hr-inner-style\"><\/span><\/span><\/div><\/p>\n<p style=\"text-align: left\"><strong>1.2. Obra\u010dun pla\u0107a<\/strong><\/p>\n<p>Aplikacija <strong>Obra\u010dun pla\u0107a<\/strong> obuhva\u0107a niz slo\u017eenih modula tipa unosa evidencije kadrova, unosa korekcija, stimulacija i kredita, generiranja dodataka i virmana, \u010dije pravilno popunjavanje i generiranje prethodi svakom obra\u010dunu koji se tako\u0111er pokre\u0107e iz ove aplikacije. Tu je i mno\u0161tvo izvje\u0161\u0107a vezanih za sami obra\u010dun kao i sve nabrojane tipove modula.<\/p>\n<p><a href=\"http:\/\/www.enel-sustav.hr\/wp-content\/uploads\/2016\/02\/Obracun-place-za-vise-vrsta-fondova-sati.jpg\"><img loading=\"lazy\" class=\" size-medium wp-image-470 aligncenter\" src=\"http:\/\/www.enel-sustav.hr\/wp-content\/uploads\/2016\/02\/Obracun-place-za-vise-vrsta-fondova-sati-300x112.jpg\" alt=\"Obracun place za vise vrsta fondova sati\" width=\"300\" height=\"112\" srcset=\"https:\/\/e-sustav.enel.hr\/wp-content\/uploads\/2016\/02\/Obracun-place-za-vise-vrsta-fondova-sati-300x112.jpg 300w, https:\/\/e-sustav.enel.hr\/wp-content\/uploads\/2016\/02\/Obracun-place-za-vise-vrsta-fondova-sati-705x264.jpg 705w, https:\/\/e-sustav.enel.hr\/wp-content\/uploads\/2016\/02\/Obracun-place-za-vise-vrsta-fondova-sati-450x169.jpg 450w, https:\/\/e-sustav.enel.hr\/wp-content\/uploads\/2016\/02\/Obracun-place-za-vise-vrsta-fondova-sati.jpg 734w\" sizes=\"(max-width: 300px) 100vw, 300px\" \/><\/a><\/p>\n<p>&nbsp;<\/p>\n<p style=\"text-align: center\"><em>Slika:\u00a0Obra\u010dun pla\u0107e za vi\u0161e vrsta fondova sati<\/em><\/p>\n<p style=\"text-align: center\">\n<style type=\"text\/css\" data-created_by=\"avia_inline_auto\" id=\"style-css-av-rzqwp-7813c3ac3bd1f20462bc9f58e38c178b\">\n#top .hr.hr-invisible.av-rzqwp-7813c3ac3bd1f20462bc9f58e38c178b{\nheight:50px;\n}\n<\/style>\n<div  class='hr av-rzqwp-7813c3ac3bd1f20462bc9f58e38c178b hr-invisible  avia-builder-el-3  el_after_av_hr  el_before_av_hr '><span class='hr-inner '><span class=\"hr-inner-style\"><\/span><\/span><\/div><\/p>\n<p style=\"text-align: center\"><a href=\"http:\/\/www.enel-sustav.hr\/wp-content\/uploads\/2016\/02\/Obracun-placa-za-vise-vrsta-isplata-unutar-mjesecnog-obracuna.jpg\"><img loading=\"lazy\" class=\"alignnone size-medium wp-image-472\" src=\"http:\/\/www.enel-sustav.hr\/wp-content\/uploads\/2016\/02\/Obracun-placa-za-vise-vrsta-isplata-unutar-mjesecnog-obracuna-300x127.jpg\" alt=\"Obracun placa za vise vrsta isplata unutar mjesecnog obracuna\" width=\"300\" height=\"127\" srcset=\"https:\/\/e-sustav.enel.hr\/wp-content\/uploads\/2016\/02\/Obracun-placa-za-vise-vrsta-isplata-unutar-mjesecnog-obracuna-300x127.jpg 300w, https:\/\/e-sustav.enel.hr\/wp-content\/uploads\/2016\/02\/Obracun-placa-za-vise-vrsta-isplata-unutar-mjesecnog-obracuna-1030x434.jpg 1030w, https:\/\/e-sustav.enel.hr\/wp-content\/uploads\/2016\/02\/Obracun-placa-za-vise-vrsta-isplata-unutar-mjesecnog-obracuna-705x297.jpg 705w, https:\/\/e-sustav.enel.hr\/wp-content\/uploads\/2016\/02\/Obracun-placa-za-vise-vrsta-isplata-unutar-mjesecnog-obracuna-450x190.jpg 450w, https:\/\/e-sustav.enel.hr\/wp-content\/uploads\/2016\/02\/Obracun-placa-za-vise-vrsta-isplata-unutar-mjesecnog-obracuna.jpg 1157w\" sizes=\"(max-width: 300px) 100vw, 300px\" \/><\/a><\/p>\n<p style=\"text-align: center\"><em>Slika: Obra\u010dun pla\u0107a za vi\u0161e vrsta isplata unutar mjese\u010dnog obra\u010duna<\/em><\/p>\n<p style=\"text-align: center\">\n<style type=\"text\/css\" data-created_by=\"avia_inline_auto\" id=\"style-css-av-nkrwx-442d4dca8a71981575f1002be0193eb5\">\n#top .hr.hr-invisible.av-nkrwx-442d4dca8a71981575f1002be0193eb5{\nheight:50px;\n}\n<\/style>\n<div  class='hr av-nkrwx-442d4dca8a71981575f1002be0193eb5 hr-invisible  avia-builder-el-4  el_after_av_hr  el_before_av_hr '><span class='hr-inner '><span class=\"hr-inner-style\"><\/span><\/span><\/div><\/p>\n<p style=\"text-align: center\"><a href=\"http:\/\/www.enel-sustav.hr\/wp-content\/uploads\/2016\/04\/Automatski-prijenos-rezultata-obracuna-placa-na-temeljnicu-u-Glavnu-knjigu-Izvjesce-Knjizenje-placa1.jpg\"><img loading=\"lazy\" class=\"alignnone wp-image-502 size-medium\" src=\"http:\/\/www.enel-sustav.hr\/wp-content\/uploads\/2016\/04\/Automatski-prijenos-rezultata-obracuna-placa-na-temeljnicu-u-Glavnu-knjigu-Izvjesce-Knjizenje-placa1-300x221.jpg\" alt=\"\" width=\"300\" height=\"221\" srcset=\"https:\/\/e-sustav.enel.hr\/wp-content\/uploads\/2016\/04\/Automatski-prijenos-rezultata-obracuna-placa-na-temeljnicu-u-Glavnu-knjigu-Izvjesce-Knjizenje-placa1-300x221.jpg 300w, https:\/\/e-sustav.enel.hr\/wp-content\/uploads\/2016\/04\/Automatski-prijenos-rezultata-obracuna-placa-na-temeljnicu-u-Glavnu-knjigu-Izvjesce-Knjizenje-placa1-705x519.jpg 705w, https:\/\/e-sustav.enel.hr\/wp-content\/uploads\/2016\/04\/Automatski-prijenos-rezultata-obracuna-placa-na-temeljnicu-u-Glavnu-knjigu-Izvjesce-Knjizenje-placa1-450x332.jpg 450w, https:\/\/e-sustav.enel.hr\/wp-content\/uploads\/2016\/04\/Automatski-prijenos-rezultata-obracuna-placa-na-temeljnicu-u-Glavnu-knjigu-Izvjesce-Knjizenje-placa1.jpg 722w\" sizes=\"(max-width: 300px) 100vw, 300px\" \/><\/a><\/p>\n<p style=\"text-align: center\"><em>Slika:\u00a0Automatski prijenos rezultata obra\u010duna pla\u0107a na temeljnicu u Glavnu knjigu, Izvje\u0161\u0107e Knji\u017eenje pla\u0107a<\/em><\/p>\n<p style=\"text-align: center\">\n<style type=\"text\/css\" data-created_by=\"avia_inline_auto\" id=\"style-css-av-dxt69-2a228124767e6934b041f157c2095c0f\">\n#top .hr.hr-invisible.av-dxt69-2a228124767e6934b041f157c2095c0f{\nheight:50px;\n}\n<\/style>\n<div  class='hr av-dxt69-2a228124767e6934b041f157c2095c0f hr-invisible  avia-builder-el-5  el_after_av_hr  el_before_av_hr '><span class='hr-inner '><span class=\"hr-inner-style\"><\/span><\/span><\/div><\/p>\n<p style=\"text-align: center\"><a href=\"http:\/\/www.enel-sustav.hr\/wp-content\/uploads\/2016\/02\/Modul-Porezno-izravnanje-godisnji-obracun-poreza-i-prireza.jpg\"><img loading=\"lazy\" class=\"alignnone size-medium wp-image-475\" src=\"http:\/\/www.enel-sustav.hr\/wp-content\/uploads\/2016\/02\/Modul-Porezno-izravnanje-godisnji-obracun-poreza-i-prireza-300x203.jpg\" alt=\"Modul Porezno izravnanje godisnji obracun poreza i prireza\" width=\"300\" height=\"203\" srcset=\"https:\/\/e-sustav.enel.hr\/wp-content\/uploads\/2016\/02\/Modul-Porezno-izravnanje-godisnji-obracun-poreza-i-prireza-300x203.jpg 300w, https:\/\/e-sustav.enel.hr\/wp-content\/uploads\/2016\/02\/Modul-Porezno-izravnanje-godisnji-obracun-poreza-i-prireza-705x478.jpg 705w, https:\/\/e-sustav.enel.hr\/wp-content\/uploads\/2016\/02\/Modul-Porezno-izravnanje-godisnji-obracun-poreza-i-prireza-450x305.jpg 450w, https:\/\/e-sustav.enel.hr\/wp-content\/uploads\/2016\/02\/Modul-Porezno-izravnanje-godisnji-obracun-poreza-i-prireza.jpg 724w\" sizes=\"(max-width: 300px) 100vw, 300px\" \/><\/a><\/p>\n<p style=\"text-align: center\"><em>Slika:\u00a0Modul Porezno izravnanje \u2013 godi\u0161nji obra\u010dun poreza i prireza<\/em><\/p>\n<p style=\"text-align: center\">\n<style type=\"text\/css\" data-created_by=\"avia_inline_auto\" id=\"style-css-av-rgs9-83c01741e950868ad55dd534d807fad7\">\n#top .hr.hr-invisible.av-rgs9-83c01741e950868ad55dd534d807fad7{\nheight:50px;\n}\n<\/style>\n<div  class='hr av-rgs9-83c01741e950868ad55dd534d807fad7 hr-invisible  avia-builder-el-6  el_after_av_hr  avia-builder-el-last '><span class='hr-inner '><span class=\"hr-inner-style\"><\/span><\/span><\/div><\/p>\n<p style=\"text-align: center\"><a href=\"http:\/\/www.enel-sustav.hr\/wp-content\/uploads\/2016\/02\/Evidencija-radnog-vremena.jpg\"><img loading=\"lazy\" class=\"alignnone size-medium wp-image-476\" src=\"http:\/\/www.enel-sustav.hr\/wp-content\/uploads\/2016\/02\/Evidencija-radnog-vremena-300x158.jpg\" alt=\"Evidencija radnog vremena\" width=\"300\" height=\"158\" srcset=\"https:\/\/e-sustav.enel.hr\/wp-content\/uploads\/2016\/02\/Evidencija-radnog-vremena-300x158.jpg 300w, https:\/\/e-sustav.enel.hr\/wp-content\/uploads\/2016\/02\/Evidencija-radnog-vremena-710x375.jpg 710w, https:\/\/e-sustav.enel.hr\/wp-content\/uploads\/2016\/02\/Evidencija-radnog-vremena-705x371.jpg 705w, https:\/\/e-sustav.enel.hr\/wp-content\/uploads\/2016\/02\/Evidencija-radnog-vremena-450x237.jpg 450w, https:\/\/e-sustav.enel.hr\/wp-content\/uploads\/2016\/02\/Evidencija-radnog-vremena.jpg 815w\" sizes=\"(max-width: 300px) 100vw, 300px\" \/><\/a><\/p>\n<p style=\"text-align: center\"><em>Slika: Evidencija radnog vremena<\/em><\/p>\n<p style=\"text-align: center\">\n","protected":false},"excerpt":{"rendered":"<p>Pla\u0107e i kadrovska evidencija je podsustav koji vodi evidenciju svih zaposlenih u poduze\u0107u, te vr\u0161i obra\u010dun pla\u0107a po zadanim parametrima obra\u010duna, a u ovisnosti o evidenciji radnog vremena u zadanom periodu. Podsustav je formiran tako da se mo\u017ee prilagoditi raznim obra\u010dunima u ovisnosti o potrebama poduze\u0107a. Zakonske propise u potpunosti podr\u017eava i omogu\u0107ava ispis svih [&hellip;]<\/p>\n","protected":false},"author":1,"featured_media":0,"parent":63,"menu_order":0,"comment_status":"open","ping_status":"open","template":"","meta":[],"_links":{"self":[{"href":"https:\/\/e-sustav.enel.hr\/index.php?rest_route=\/wp\/v2\/pages\/465"}],"collection":[{"href":"https:\/\/e-sustav.enel.hr\/index.php?rest_route=\/wp\/v2\/pages"}],"about":[{"href":"https:\/\/e-sustav.enel.hr\/index.php?rest_route=\/wp\/v2\/types\/page"}],"author":[{"embeddable":true,"href":"https:\/\/e-sustav.enel.hr\/index.php?rest_route=\/wp\/v2\/users\/1"}],"replies":[{"embeddable":true,"href":"https:\/\/e-sustav.enel.hr\/index.php?rest_route=%2Fwp%2Fv2%2Fcomments&post=465"}],"version-history":[{"count":6,"href":"https:\/\/e-sustav.enel.hr\/index.php?rest_route=\/wp\/v2\/pages\/465\/revisions"}],"predecessor-version":[{"id":792,"href":"https:\/\/e-sustav.enel.hr\/index.php?rest_route=\/wp\/v2\/pages\/465\/revisions\/792"}],"up":[{"embeddable":true,"href":"https:\/\/e-sustav.enel.hr\/index.php?rest_route=\/wp\/v2\/pages\/63"}],"wp:attachment":[{"href":"https:\/\/e-sustav.enel.hr\/index.php?rest_route=%2Fwp%2Fv2%2Fmedia&parent=465"}],"curies":[{"name":"wp","href":"https:\/\/api.w.org\/{rel}","templated":true}]}}