{"id":429,"date":"2016-02-24T09:52:20","date_gmt":"2016-02-24T08:52:20","guid":{"rendered":"http:\/\/www.enel-sustav.hr\/?page_id=429"},"modified":"2018-09-01T12:29:25","modified_gmt":"2018-09-01T11:29:25","slug":"robno-materijalno-poslovanje","status":"publish","type":"page","link":"https:\/\/e-sustav.enel.hr\/?page_id=429","title":{"rendered":"Robno i materijalno poslovanje"},"content":{"rendered":"<p>Robno\/materijalno poslovanje sadr\u017ei logisti\u010dke module koji osiguravaju upravljanje i pra\u0107enje procesa od kreiranja mati\u010dnih slogova preko nabave i zaprimanja roba na zalihe, maloprodaje, veleprodaje \u00a0i distribucije, proizvodnje.<\/p>\n<p>&nbsp;<\/p>\n<ul>\n<li><strong>\u0160ifrarnici rob<\/strong>e predstavljaju skup modula u kojima se unose i a\u017euriraju mati\u010dni podaci zajedni\u010dki za sve logisti\u010dke module (grupe roba i usluga, artikli, barkodovi, skladi\u0161ta i prodavaonice, vidovi prodaje,..)<\/li>\n<li><strong>Nabava<\/strong> predstavlja skupinu modula koji omogu\u0107avaju unos ugovora sa dobavlja\u010dima, cjenika dobavlja\u010da, akcija dobavlja\u010da. Tako\u0111er sadr\u017ei napredne funkcije za kreiranje narud\u017ebenica po nekoliko klju\u010deva bitnih za upravljanje lancem opskrbe (nabava do minimalnih zaliha, nabava po realiziranom prometu, ambulantna nabava,\u2026)<\/li>\n<li><strong>Prodaja<\/strong> predstavlja skupinu modula koji omogu\u0107avaju unos ugovora sa kupcima, veleprodajnih i maloprodajnih cjenika, akcija u veleprodaji i maloprodaji, unos katalo\u0161kih cjenika, upravljanje sezonskim sni\u017eenjima i rasprodajama. Podr\u017eane su funkcionalnosti izrade predra\u010duna, rezervacija, isporuka i fakturiranja<\/li>\n<li><strong>Robno \u00a0poslovanje <\/strong>\u010dini skup modula koji omogu\u0107avaju zaprimanje i skladi\u0161tenje robe, izradu svih skladi\u0161nih dokumenata od primki, otpremnica, zapisnika o rashodu, inventura,\u2026<\/li>\n<li>Materijalno poslovanje \u010dini skup modula koji sadr\u017ee izdatnice, radne naloge i zaprimanje gotovih proizvoda na skladi\u0161te.<\/li>\n<li><strong>Analiza i funkcije<\/strong> \u010dini skupina modula u kojima se definiraju klju\u010devi knji\u017eenja robnih dokumenata i njihov prijenos u Glavnu knjigu, rekapitulacije dokumenata, analize poslovanja,\u2026<\/li>\n<li><strong>POS\u00a0Back Office<\/strong> \u010dini skup modula kojima se upravlja lancem maloprodaje od definiranja broja pckasa, na\u010dina pla\u0107anja i veza sa bankovnim POS terminalima do preuzimanja prometa maloprodaje i razdu\u017eivanja prodavaonica za prodanu robu<\/li>\n<\/ul>\n<p>&nbsp;<\/p>\n<p><strong>1.1. \u0160ifrarnici robe<\/strong><\/p>\n<p><strong>\u0160ifrarnici robe<\/strong> namijenjeni su unosu i a\u017euriranju podataka o artiklima i skladi\u0161tima.<\/p>\n<p><a href=\"http:\/\/www.enel-sustav.hr\/wp-content\/uploads\/2016\/02\/Sifrarnik-artikal.jpg\"><img loading=\"lazy\" class=\" size-medium wp-image-431 aligncenter\" src=\"http:\/\/www.enel-sustav.hr\/wp-content\/uploads\/2016\/02\/Sifrarnik-artikal-300x203.jpg\" alt=\"Sifrarnik artikal\" width=\"300\" height=\"203\" srcset=\"https:\/\/e-sustav.enel.hr\/wp-content\/uploads\/2016\/02\/Sifrarnik-artikal-300x203.jpg 300w, https:\/\/e-sustav.enel.hr\/wp-content\/uploads\/2016\/02\/Sifrarnik-artikal-705x477.jpg 705w, https:\/\/e-sustav.enel.hr\/wp-content\/uploads\/2016\/02\/Sifrarnik-artikal-450x304.jpg 450w, https:\/\/e-sustav.enel.hr\/wp-content\/uploads\/2016\/02\/Sifrarnik-artikal.jpg 785w\" sizes=\"(max-width: 300px) 100vw, 300px\" \/><\/a><\/p>\n<p style=\"text-align: center\">\u00a0<em>Slika: \u0160ifrarnik Artikal<\/em><\/p>\n\n<style type=\"text\/css\" data-created_by=\"avia_inline_auto\" id=\"style-css-av-uenql-4f96a52ebbf1b0f7c422b06ad17c1559\">\n#top .hr.hr-invisible.av-uenql-4f96a52ebbf1b0f7c422b06ad17c1559{\nheight:50px;\n}\n<\/style>\n<div  class='hr av-uenql-4f96a52ebbf1b0f7c422b06ad17c1559 hr-invisible  avia-builder-el-0  el_before_av_hr  avia-builder-el-first '><span class='hr-inner '><span class=\"hr-inner-style\"><\/span><\/span><\/div>\n<p style=\"text-align: center\"><a href=\"http:\/\/www.enel-sustav.hr\/wp-content\/uploads\/2016\/02\/Izvjesce-Popis-artikala.jpg\"><img loading=\"lazy\" class=\"alignnone size-medium wp-image-432\" src=\"http:\/\/www.enel-sustav.hr\/wp-content\/uploads\/2016\/02\/Izvjesce-Popis-artikala-300x246.jpg\" alt=\"Izvjesce Popis artikala\" width=\"300\" height=\"246\" srcset=\"https:\/\/e-sustav.enel.hr\/wp-content\/uploads\/2016\/02\/Izvjesce-Popis-artikala-300x246.jpg 300w, https:\/\/e-sustav.enel.hr\/wp-content\/uploads\/2016\/02\/Izvjesce-Popis-artikala-450x369.jpg 450w, https:\/\/e-sustav.enel.hr\/wp-content\/uploads\/2016\/02\/Izvjesce-Popis-artikala.jpg 659w\" sizes=\"(max-width: 300px) 100vw, 300px\" \/><\/a><\/p>\n<p style=\"text-align: center\"><em>Slika: Izvje\u0161\u0107e Popis artikala<\/em><\/p>\n<p style=\"text-align: left\"><strong>1.2. Analize i funkcije<\/strong><\/p>\n<p><strong>Analize iz robnog poslovanja<\/strong> koje sadr\u017ee rekapitulacije po dobavlja\u010dima i kupcima, promet po skladi\u0161tima, rekapitulacije servisnih listova&#8230;, omogu\u0107avaju poslovodstvu stvarni uvid u poslovanje, a samim tim i kontrolu nad poslovanjem.<\/p>\n<p>&nbsp;<\/p>\n<p><b>1.3. Prodaja<\/b><\/p>\n<p>Modul <strong>Prodaja<\/strong> sadr\u017ei predra\u010dune, avanse, ugovore, te pru\u017ea mogu\u0107nost izdavanja ra\u010duna za jednu ili vi\u0161e otpremnica. Izdavanje ra\u010duna je automatizirano, na na\u010din da uzima u obzir sve prethodno neiskori\u0161tene avanse i ra\u010dune za avans.<\/p>\n<p>Ugovorima se reguliraju na\u010dini prodaje robe, primjerice definiranje rabata, definiranje na\u010dina isporuke, zateznih kamata\u2026<\/p>\n<p>&nbsp;<\/p>\n<p>&nbsp;<\/p>\n<p><a href=\"http:\/\/www.enel-sustav.hr\/wp-content\/uploads\/2016\/02\/Ispis-deklaracija-i-labela-za-artikle.jpg\"><img loading=\"lazy\" class=\" size-medium wp-image-442 aligncenter\" src=\"http:\/\/www.enel-sustav.hr\/wp-content\/uploads\/2016\/02\/Ispis-deklaracija-i-labela-za-artikle-283x300.jpg\" alt=\"Ispis deklaracija i labela za artikle\" width=\"283\" height=\"300\" srcset=\"https:\/\/e-sustav.enel.hr\/wp-content\/uploads\/2016\/02\/Ispis-deklaracija-i-labela-za-artikle-283x300.jpg 283w, https:\/\/e-sustav.enel.hr\/wp-content\/uploads\/2016\/02\/Ispis-deklaracija-i-labela-za-artikle-450x476.jpg 450w, https:\/\/e-sustav.enel.hr\/wp-content\/uploads\/2016\/02\/Ispis-deklaracija-i-labela-za-artikle.jpg 513w\" sizes=\"(max-width: 283px) 100vw, 283px\" \/><\/a><\/p>\n<p style=\"text-align: center\"><em>Slika:\u00a0Ispis deklaracija i labela za artikle<\/em><\/p>\n<p style=\"text-align: left\"><strong>1.4. Nabava<\/strong><\/p>\n<p>Narud\u017ebenice, ugovori i cjenici dobavlja\u010da sadr\u017eani su u modulu <strong>Nabava<\/strong>. Narud\u017ebenice se generiraju na osnovu upisanih zahtjevnica.<\/p>\n<p><a href=\"http:\/\/www.enel-sustav.hr\/wp-content\/uploads\/2016\/02\/Ambulantna-nabava-generiranje-stavki-za-nabavu-od-dobavljaca1.jpg\"><img loading=\"lazy\" class=\" size-medium wp-image-487 aligncenter\" src=\"http:\/\/www.enel-sustav.hr\/wp-content\/uploads\/2016\/02\/Ambulantna-nabava-generiranje-stavki-za-nabavu-od-dobavljaca1-300x175.jpg\" alt=\"Ambulantna nabava - generiranje stavki za nabavu od dobavljaca\" width=\"300\" height=\"175\" srcset=\"https:\/\/e-sustav.enel.hr\/wp-content\/uploads\/2016\/02\/Ambulantna-nabava-generiranje-stavki-za-nabavu-od-dobavljaca1-300x175.jpg 300w, https:\/\/e-sustav.enel.hr\/wp-content\/uploads\/2016\/02\/Ambulantna-nabava-generiranje-stavki-za-nabavu-od-dobavljaca1-450x262.jpg 450w, https:\/\/e-sustav.enel.hr\/wp-content\/uploads\/2016\/02\/Ambulantna-nabava-generiranje-stavki-za-nabavu-od-dobavljaca1.jpg 635w\" sizes=\"(max-width: 300px) 100vw, 300px\" \/><\/a><\/p>\n<p style=\"text-align: center\">\u00a0<em>Slika:\u00a0Ambulantna nabava generiranje stavki za nabavu od dobavlja\u010da<\/em><\/p>\n<p style=\"text-align: center\">\n<style type=\"text\/css\" data-created_by=\"avia_inline_auto\" id=\"style-css-av-r9hnx-fb652b10ebe2c088aa0085170fafe3e3\">\n#top .hr.hr-invisible.av-r9hnx-fb652b10ebe2c088aa0085170fafe3e3{\nheight:50px;\n}\n<\/style>\n<div  class='hr av-r9hnx-fb652b10ebe2c088aa0085170fafe3e3 hr-invisible  avia-builder-el-1  el_after_av_hr  el_before_av_hr '><span class='hr-inner '><span class=\"hr-inner-style\"><\/span><\/span><\/div><\/p>\n<p style=\"text-align: center\"><a href=\"http:\/\/www.enel-sustav.hr\/wp-content\/uploads\/2016\/02\/Ugovor-s-dobavljacem1.jpg\"><img loading=\"lazy\" class=\"alignnone size-medium wp-image-488\" src=\"http:\/\/www.enel-sustav.hr\/wp-content\/uploads\/2016\/02\/Ugovor-s-dobavljacem1-300x184.jpg\" alt=\"Ugovor s dobavljacem\" width=\"300\" height=\"184\" srcset=\"https:\/\/e-sustav.enel.hr\/wp-content\/uploads\/2016\/02\/Ugovor-s-dobavljacem1-300x184.jpg 300w, https:\/\/e-sustav.enel.hr\/wp-content\/uploads\/2016\/02\/Ugovor-s-dobavljacem1-450x277.jpg 450w, https:\/\/e-sustav.enel.hr\/wp-content\/uploads\/2016\/02\/Ugovor-s-dobavljacem1.jpg 605w\" sizes=\"(max-width: 300px) 100vw, 300px\" \/><\/a><\/p>\n<p style=\"text-align: center\"><em>Slika: Ugovor s dobavlja\u010dem<\/em><\/p>\n<p style=\"text-align: left\"><strong>1.5. Robno poslovanje<\/strong><\/p>\n<p>Cilj podsustava <strong>Robno poslovanje<\/strong> je obrada svih poslovnih transakcija vezanih uz robu. Pomo\u0107u ovih funkcija vr\u0161i se automatski prijenos svih poslovnih promjena ili doga\u0111aja u glavnu knjigu, koja je izravno povezana s knjigom ulaznih i izlaznih faktura.<\/p>\n<p><a href=\"http:\/\/www.enel-sustav.hr\/wp-content\/uploads\/2016\/04\/Primka.jpg\"><img loading=\"lazy\" class=\" wp-image-507 size-medium aligncenter\" src=\"http:\/\/www.enel-sustav.hr\/wp-content\/uploads\/2016\/04\/Primka-300x183.jpg\" alt=\"\" width=\"300\" height=\"183\" srcset=\"https:\/\/e-sustav.enel.hr\/wp-content\/uploads\/2016\/04\/Primka-300x183.jpg 300w, https:\/\/e-sustav.enel.hr\/wp-content\/uploads\/2016\/04\/Primka-705x430.jpg 705w, https:\/\/e-sustav.enel.hr\/wp-content\/uploads\/2016\/04\/Primka-450x275.jpg 450w, https:\/\/e-sustav.enel.hr\/wp-content\/uploads\/2016\/04\/Primka.jpg 829w\" sizes=\"(max-width: 300px) 100vw, 300px\" \/><\/a><\/p>\n<p style=\"text-align: center\">\u00a0<em>Slika: Primka &#8211; doma\u0107a roba<\/em><\/p>\n<p style=\"text-align: center\">\n<style type=\"text\/css\" data-created_by=\"avia_inline_auto\" id=\"style-css-av-jdjfx-85461e0af0b2e1eff68629695f9d3cfd\">\n#top .hr.hr-invisible.av-jdjfx-85461e0af0b2e1eff68629695f9d3cfd{\nheight:50px;\n}\n<\/style>\n<div  class='hr av-jdjfx-85461e0af0b2e1eff68629695f9d3cfd hr-invisible  avia-builder-el-2  el_after_av_hr  el_before_av_hr '><span class='hr-inner '><span class=\"hr-inner-style\"><\/span><\/span><\/div><\/p>\n<p style=\"text-align: left\"><a href=\"http:\/\/www.enel-sustav.hr\/wp-content\/uploads\/2016\/04\/Lager-lista.jpg\"><img loading=\"lazy\" class=\" wp-image-505 size-medium aligncenter\" src=\"http:\/\/www.enel-sustav.hr\/wp-content\/uploads\/2016\/04\/Lager-lista-300x183.jpg\" alt=\"\" width=\"300\" height=\"183\" srcset=\"https:\/\/e-sustav.enel.hr\/wp-content\/uploads\/2016\/04\/Lager-lista-300x183.jpg 300w, https:\/\/e-sustav.enel.hr\/wp-content\/uploads\/2016\/04\/Lager-lista-705x430.jpg 705w, https:\/\/e-sustav.enel.hr\/wp-content\/uploads\/2016\/04\/Lager-lista-450x275.jpg 450w, https:\/\/e-sustav.enel.hr\/wp-content\/uploads\/2016\/04\/Lager-lista.jpg 829w\" sizes=\"(max-width: 300px) 100vw, 300px\" \/><\/a><\/p>\n<p style=\"text-align: center\"><em>Slika: Izvje\u0161\u0107e &#8211; Lager lista<\/em><\/p>\n<p style=\"text-align: left\"><strong>1.6. Materijalno poslovanje i proizvodnja<\/strong><\/p>\n<p>Evidentiranje materijala, vo\u0111eno izdatnicama i povratnicama materijala, sadr\u017eano je u podsustavu <strong>Robno\/Materijalno poslovanje<\/strong>.<\/p>\n<p>U sustav se podaci unose samo jednom, dostupni su svima koji u\u010destvuju u njihovoj obradi, a preglednost\u00a0 informacija znatno olak\u0161ava posao financijske slu\u017ebe.<\/p>\n<p>Sustav omogu\u0107ava planiranje proizvodnje povezivanjem poslova, te prora\u010dunom trajanja pojedinih radnih zadataka, \u00a0prema nekom unaprijed zadanom parametru.<\/p>\n<p>&nbsp;<\/p>\n<p><strong>1.7. Sitni inventar<\/strong><\/p>\n<p>Dokument <strong>Stavljanje sitnog inventara u upotrebi<\/strong> se koristi za skidanje postoje\u0107eg sitnog inventara sa skladi\u0161ta i stavljanje istog na mjesto tro\u0161ka.<\/p>\n<p><strong>Prezadu\u017eenje sitnog inventara<\/strong> je dokument kojim je mogu\u0107e prebaciti zadu\u017eeni materijal s jednog mjesta tro\u0161ka na drugo.<\/p>\n<p>Modul <strong>Rashod sitnog inventara<\/strong> slu\u017ei za kreiranje i a\u017euriranje dokumenta o rashodu sitnog materijala.<\/p>\n<p>&nbsp;<\/p>\n<p><strong>1.8. POS Back Office<\/strong><\/p>\n<p><strong>POS Back Office<\/strong> je podsustav koji slu\u017ei za povezivanje i kontrolu maloprodajnog i veleprodajnog prometa s PC kasa, i ostatka Sustava (robno-materijalnog i financijskog).<\/p>\n<p><a href=\"http:\/\/www.enel-sustav.hr\/wp-content\/uploads\/2016\/02\/POS-Back-Office-popis-kasa.jpg\"><img loading=\"lazy\" class=\" size-medium wp-image-450 aligncenter\" src=\"http:\/\/www.enel-sustav.hr\/wp-content\/uploads\/2016\/02\/POS-Back-Office-popis-kasa-300x169.jpg\" alt=\"POS Back Office popis kasa\" width=\"300\" height=\"169\" srcset=\"https:\/\/e-sustav.enel.hr\/wp-content\/uploads\/2016\/02\/POS-Back-Office-popis-kasa-300x169.jpg 300w, https:\/\/e-sustav.enel.hr\/wp-content\/uploads\/2016\/02\/POS-Back-Office-popis-kasa-1030x579.jpg 1030w, https:\/\/e-sustav.enel.hr\/wp-content\/uploads\/2016\/02\/POS-Back-Office-popis-kasa-1500x844.jpg 1500w, https:\/\/e-sustav.enel.hr\/wp-content\/uploads\/2016\/02\/POS-Back-Office-popis-kasa-705x397.jpg 705w, https:\/\/e-sustav.enel.hr\/wp-content\/uploads\/2016\/02\/POS-Back-Office-popis-kasa-450x253.jpg 450w, https:\/\/e-sustav.enel.hr\/wp-content\/uploads\/2016\/02\/POS-Back-Office-popis-kasa.jpg 1600w\" sizes=\"(max-width: 300px) 100vw, 300px\" \/><\/a><\/p>\n<p style=\"text-align: center\"><em>Slika: POS Back Office \u2013 popis kasa<\/em><\/p>\n<p style=\"text-align: center\">\n<style type=\"text\/css\" data-created_by=\"avia_inline_auto\" id=\"style-css-av-d2a45-051b236d607046b7c6cf191fc9d81163\">\n#top .hr.hr-invisible.av-d2a45-051b236d607046b7c6cf191fc9d81163{\nheight:50px;\n}\n<\/style>\n<div  class='hr av-d2a45-051b236d607046b7c6cf191fc9d81163 hr-invisible  avia-builder-el-3  el_after_av_hr  el_before_av_hr '><span class='hr-inner '><span class=\"hr-inner-style\"><\/span><\/span><\/div><\/p>\n<p style=\"text-align: center\"><a href=\"http:\/\/www.enel-sustav.hr\/wp-content\/uploads\/2016\/02\/POS-BO-Zakljucak-dana.jpg\"><img loading=\"lazy\" class=\"alignnone size-medium wp-image-451\" src=\"http:\/\/www.enel-sustav.hr\/wp-content\/uploads\/2016\/02\/POS-BO-Zakljucak-dana-300x169.jpg\" alt=\"POS BO Zakljucak dana\" width=\"300\" height=\"169\" srcset=\"https:\/\/e-sustav.enel.hr\/wp-content\/uploads\/2016\/02\/POS-BO-Zakljucak-dana-300x169.jpg 300w, https:\/\/e-sustav.enel.hr\/wp-content\/uploads\/2016\/02\/POS-BO-Zakljucak-dana-1030x579.jpg 1030w, https:\/\/e-sustav.enel.hr\/wp-content\/uploads\/2016\/02\/POS-BO-Zakljucak-dana-1500x844.jpg 1500w, https:\/\/e-sustav.enel.hr\/wp-content\/uploads\/2016\/02\/POS-BO-Zakljucak-dana-705x397.jpg 705w, https:\/\/e-sustav.enel.hr\/wp-content\/uploads\/2016\/02\/POS-BO-Zakljucak-dana-450x253.jpg 450w, https:\/\/e-sustav.enel.hr\/wp-content\/uploads\/2016\/02\/POS-BO-Zakljucak-dana.jpg 1600w\" sizes=\"(max-width: 300px) 100vw, 300px\" \/><\/a><\/p>\n<p style=\"text-align: center\"><em>Slika: POS BO \u2013 Zaklju\u010dak dana<\/em><\/p>\n<p style=\"text-align: center\">\n<style type=\"text\/css\" data-created_by=\"avia_inline_auto\" id=\"style-css-av-8lcwl-a59b3951d1e3bac2f029e75c21f488f4\">\n#top .hr.hr-invisible.av-8lcwl-a59b3951d1e3bac2f029e75c21f488f4{\nheight:50px;\n}\n<\/style>\n<div  class='hr av-8lcwl-a59b3951d1e3bac2f029e75c21f488f4 hr-invisible  avia-builder-el-4  el_after_av_hr  avia-builder-el-last '><span class='hr-inner '><span class=\"hr-inner-style\"><\/span><\/span><\/div><\/p>\n<p style=\"text-align: center\"><a href=\"http:\/\/www.enel-sustav.hr\/wp-content\/uploads\/2016\/04\/Sustav-plus.jpg\"><img loading=\"lazy\" class=\"alignnone wp-image-508 size-medium\" src=\"http:\/\/www.enel-sustav.hr\/wp-content\/uploads\/2016\/04\/Sustav-plus-300x183.jpg\" alt=\"\" width=\"300\" height=\"183\" srcset=\"https:\/\/e-sustav.enel.hr\/wp-content\/uploads\/2016\/04\/Sustav-plus-300x183.jpg 300w, https:\/\/e-sustav.enel.hr\/wp-content\/uploads\/2016\/04\/Sustav-plus-705x430.jpg 705w, https:\/\/e-sustav.enel.hr\/wp-content\/uploads\/2016\/04\/Sustav-plus-450x275.jpg 450w, https:\/\/e-sustav.enel.hr\/wp-content\/uploads\/2016\/04\/Sustav-plus.jpg 829w\" sizes=\"(max-width: 300px) 100vw, 300px\" \/><\/a><\/p>\n<p style=\"text-align: center\"><em>Slika: Sustav plus &#8211; Zaprimljeni i prodani artikli<\/em><\/p>\n","protected":false},"excerpt":{"rendered":"<p>Robno\/materijalno poslovanje sadr\u017ei logisti\u010dke module koji osiguravaju upravljanje i pra\u0107enje procesa od kreiranja mati\u010dnih slogova preko nabave i zaprimanja roba na zalihe, maloprodaje, veleprodaje \u00a0i distribucije, proizvodnje. &nbsp; \u0160ifrarnici robe predstavljaju skup modula u kojima se unose i a\u017euriraju mati\u010dni podaci zajedni\u010dki za sve logisti\u010dke module (grupe roba i usluga, artikli, barkodovi, skladi\u0161ta i prodavaonice, [&hellip;]<\/p>\n","protected":false},"author":1,"featured_media":0,"parent":63,"menu_order":0,"comment_status":"open","ping_status":"open","template":"","meta":[],"_links":{"self":[{"href":"https:\/\/e-sustav.enel.hr\/index.php?rest_route=\/wp\/v2\/pages\/429"}],"collection":[{"href":"https:\/\/e-sustav.enel.hr\/index.php?rest_route=\/wp\/v2\/pages"}],"about":[{"href":"https:\/\/e-sustav.enel.hr\/index.php?rest_route=\/wp\/v2\/types\/page"}],"author":[{"embeddable":true,"href":"https:\/\/e-sustav.enel.hr\/index.php?rest_route=\/wp\/v2\/users\/1"}],"replies":[{"embeddable":true,"href":"https:\/\/e-sustav.enel.hr\/index.php?rest_route=%2Fwp%2Fv2%2Fcomments&post=429"}],"version-history":[{"count":12,"href":"https:\/\/e-sustav.enel.hr\/index.php?rest_route=\/wp\/v2\/pages\/429\/revisions"}],"predecessor-version":[{"id":973,"href":"https:\/\/e-sustav.enel.hr\/index.php?rest_route=\/wp\/v2\/pages\/429\/revisions\/973"}],"up":[{"embeddable":true,"href":"https:\/\/e-sustav.enel.hr\/index.php?rest_route=\/wp\/v2\/pages\/63"}],"wp:attachment":[{"href":"https:\/\/e-sustav.enel.hr\/index.php?rest_route=%2Fwp%2Fv2%2Fmedia&parent=429"}],"curies":[{"name":"wp","href":"https:\/\/api.w.org\/{rel}","templated":true}]}}