{"id":406,"date":"2016-02-23T13:55:23","date_gmt":"2016-02-23T12:55:23","guid":{"rendered":"http:\/\/www.enel-sustav.hr\/?page_id=406"},"modified":"2016-02-25T10:07:30","modified_gmt":"2016-02-25T09:07:30","slug":"zajednicki-podaci","status":"publish","type":"page","link":"https:\/\/e-sustav.enel.hr\/?page_id=406","title":{"rendered":"Zajedni\u010dki podaci"},"content":{"rendered":"<p>Postoje podaci koji su zajedni\u010dki svim podsustavima. Da bi se sa\u010duvala konzistentnost zajedni\u010dkih podataka formiran je podsustav <strong>Zajedni\u010dki podaci<\/strong>.<\/p>\n<p>Kao jedan od glavnik \u0161ifrarnika u zajedni\u010dkim podacima nalazi se ra\u010dunski (kontni) plan.<\/p>\n<p><a href=\"http:\/\/www.enel-sustav.hr\/wp-content\/uploads\/2016\/02\/Kontni-plan.jpg\"><img loading=\"lazy\" class=\" size-medium wp-image-407 aligncenter\" src=\"http:\/\/www.enel-sustav.hr\/wp-content\/uploads\/2016\/02\/Kontni-plan-300x169.jpg\" alt=\"Kontni plan\" width=\"300\" height=\"169\" srcset=\"https:\/\/e-sustav.enel.hr\/wp-content\/uploads\/2016\/02\/Kontni-plan-300x169.jpg 300w, https:\/\/e-sustav.enel.hr\/wp-content\/uploads\/2016\/02\/Kontni-plan-1030x580.jpg 1030w, https:\/\/e-sustav.enel.hr\/wp-content\/uploads\/2016\/02\/Kontni-plan-705x397.jpg 705w, https:\/\/e-sustav.enel.hr\/wp-content\/uploads\/2016\/02\/Kontni-plan-450x253.jpg 450w, https:\/\/e-sustav.enel.hr\/wp-content\/uploads\/2016\/02\/Kontni-plan.jpg 1364w\" sizes=\"(max-width: 300px) 100vw, 300px\" \/><\/a><\/p>\n<p style=\"text-align: center;\">\u00a0<em>Slika: Kontni plan<\/em><\/p>\n<p>Svaki je ra\u010dun (konto) opisan s razredom i grupom ,\u0161ifrom ra\u010duna,nazivom te oznakama raspolo\u017eivosti za knji\u017eenje i bilan\u010dnosti.<\/p>\n<p><a href=\"http:\/\/www.enel-sustav.hr\/wp-content\/uploads\/2016\/02\/Sifrarnik-partner.jpg\"><img loading=\"lazy\" class=\" size-medium wp-image-408 aligncenter\" src=\"http:\/\/www.enel-sustav.hr\/wp-content\/uploads\/2016\/02\/Sifrarnik-partner-300x169.jpg\" alt=\"\u0160ifrarnik Partner\" width=\"300\" height=\"169\" srcset=\"https:\/\/e-sustav.enel.hr\/wp-content\/uploads\/2016\/02\/Sifrarnik-partner-300x169.jpg 300w, https:\/\/e-sustav.enel.hr\/wp-content\/uploads\/2016\/02\/Sifrarnik-partner-1030x580.jpg 1030w, https:\/\/e-sustav.enel.hr\/wp-content\/uploads\/2016\/02\/Sifrarnik-partner-705x397.jpg 705w, https:\/\/e-sustav.enel.hr\/wp-content\/uploads\/2016\/02\/Sifrarnik-partner-450x253.jpg 450w, https:\/\/e-sustav.enel.hr\/wp-content\/uploads\/2016\/02\/Sifrarnik-partner.jpg 1364w\" sizes=\"(max-width: 300px) 100vw, 300px\" \/><\/a><\/p>\n<p style=\"text-align: center;\">\u00a0<em>Slika 2: \u0160ifrarnik Partner<\/em><\/p>\n<p style=\"text-align: left;\">Partner je uz osnovne podatke opisan grupom partnera i \u017eiro ra\u010dunima te svojstvima partnera. Za partnera (banku) se definira I kreditna kartica sa provizijom.<\/p>\n<p style=\"text-align: left;\"><a href=\"http:\/\/www.enel-sustav.hr\/wp-content\/uploads\/2016\/02\/Izvjesce-Popis-patnera.jpg\"><img loading=\"lazy\" class=\" size-medium wp-image-409 aligncenter\" src=\"http:\/\/www.enel-sustav.hr\/wp-content\/uploads\/2016\/02\/Izvjesce-Popis-patnera-300x169.jpg\" alt=\"Izvje\u0161\u0107e Popis patnera\" width=\"300\" height=\"169\" srcset=\"https:\/\/e-sustav.enel.hr\/wp-content\/uploads\/2016\/02\/Izvjesce-Popis-patnera-300x169.jpg 300w, https:\/\/e-sustav.enel.hr\/wp-content\/uploads\/2016\/02\/Izvjesce-Popis-patnera-1030x580.jpg 1030w, https:\/\/e-sustav.enel.hr\/wp-content\/uploads\/2016\/02\/Izvjesce-Popis-patnera-705x397.jpg 705w, https:\/\/e-sustav.enel.hr\/wp-content\/uploads\/2016\/02\/Izvjesce-Popis-patnera-450x253.jpg 450w, https:\/\/e-sustav.enel.hr\/wp-content\/uploads\/2016\/02\/Izvjesce-Popis-patnera.jpg 1364w\" sizes=\"(max-width: 300px) 100vw, 300px\" \/><\/a><\/p>\n<p style=\"text-align: center;\"><em>Slika 3: Izvje\u0161\u0107e Popis partnera<\/em><\/p>\n<p>U osnovnim \u0161ifrarnicima se nalaze i podaci o globalnim parametrima, uvjetima prodaje,\u00a0 \u017eiro ra\u010dunu pravnog subjekta i grupama poreza,tipu\u00a0 kamate i kamatnoj stopi za odabrani tip,djelatnicima te je mogu\u0107e I kreirati \u0161ifrarnik napomena\u00a0 I koristiti ih za neka izvje\u0161\u0107a.<\/p>\n","protected":false},"excerpt":{"rendered":"<p>Postoje podaci koji su zajedni\u010dki svim podsustavima. Da bi se sa\u010duvala konzistentnost zajedni\u010dkih podataka formiran je podsustav Zajedni\u010dki podaci. Kao jedan od glavnik \u0161ifrarnika u zajedni\u010dkim podacima nalazi se ra\u010dunski (kontni) plan. \u00a0Slika: Kontni plan Svaki je ra\u010dun (konto) opisan s razredom i grupom ,\u0161ifrom ra\u010duna,nazivom te oznakama raspolo\u017eivosti za knji\u017eenje i bilan\u010dnosti. \u00a0Slika 2: [&hellip;]<\/p>\n","protected":false},"author":1,"featured_media":0,"parent":63,"menu_order":0,"comment_status":"open","ping_status":"open","template":"","meta":[],"_links":{"self":[{"href":"https:\/\/e-sustav.enel.hr\/index.php?rest_route=\/wp\/v2\/pages\/406"}],"collection":[{"href":"https:\/\/e-sustav.enel.hr\/index.php?rest_route=\/wp\/v2\/pages"}],"about":[{"href":"https:\/\/e-sustav.enel.hr\/index.php?rest_route=\/wp\/v2\/types\/page"}],"author":[{"embeddable":true,"href":"https:\/\/e-sustav.enel.hr\/index.php?rest_route=\/wp\/v2\/users\/1"}],"replies":[{"embeddable":true,"href":"https:\/\/e-sustav.enel.hr\/index.php?rest_route=%2Fwp%2Fv2%2Fcomments&post=406"}],"version-history":[{"count":3,"href":"https:\/\/e-sustav.enel.hr\/index.php?rest_route=\/wp\/v2\/pages\/406\/revisions"}],"predecessor-version":[{"id":412,"href":"https:\/\/e-sustav.enel.hr\/index.php?rest_route=\/wp\/v2\/pages\/406\/revisions\/412"}],"up":[{"embeddable":true,"href":"https:\/\/e-sustav.enel.hr\/index.php?rest_route=\/wp\/v2\/pages\/63"}],"wp:attachment":[{"href":"https:\/\/e-sustav.enel.hr\/index.php?rest_route=%2Fwp%2Fv2%2Fmedia&parent=406"}],"curies":[{"name":"wp","href":"https:\/\/api.w.org\/{rel}","templated":true}]}}