{"id":335,"date":"2015-12-09T13:08:28","date_gmt":"2015-12-09T12:08:28","guid":{"rendered":"http:\/\/www.enel-sustav.hr\/?page_id=335"},"modified":"2017-09-25T14:12:58","modified_gmt":"2017-09-25T13:12:58","slug":"aplikacija-seamen","status":"publish","type":"page","link":"https:\/\/e-sustav.enel.hr\/?page_id=335","title":{"rendered":"Aplikacija &#8220;Seaman&#8221;"},"content":{"rendered":"\n<style type=\"text\/css\" data-created_by=\"avia_inline_auto\" id=\"style-css-av-av_image-558766d5f8409c696b2c5707dfebc1ff\">\n.avia-image-container.av-av_image-558766d5f8409c696b2c5707dfebc1ff .av-image-caption-overlay-center{\ncolor:#ffffff;\n}\n<\/style>\n<div  class='avia-image-container av-av_image-558766d5f8409c696b2c5707dfebc1ff av-styling- avia-align-center  avia-builder-el-0  el_before_av_hr  avia-builder-el-first '  itemprop=\"image\" itemscope=\"itemscope\" itemtype=\"https:\/\/schema.org\/ImageObject\" ><div class=\"avia-image-container-inner\"><div class=\"avia-image-overlay-wrap\"><img class='wp-image-277 avia-img-lazy-loading-not-277 avia_image' src=\"https:\/\/e-sustav.enel.hr\/wp-content\/uploads\/2015\/02\/1CL_2291_1600x550_BLUE-845x321.jpg\" alt='' title='1CL_2291_1600x550_BLUE'  height=\"321\" width=\"845\"  itemprop=\"thumbnailUrl\"  \/><\/div><\/div><\/div>\n\n<style type=\"text\/css\" data-created_by=\"avia_inline_auto\" id=\"style-css-av-av_hr-fbebcb4fe7f7f93a621d8b6783460008\">\n#top .hr.hr-invisible.av-av_hr-fbebcb4fe7f7f93a621d8b6783460008{\nheight:30px;\n}\n<\/style>\n<div  class='hr av-av_hr-fbebcb4fe7f7f93a621d8b6783460008 hr-invisible  avia-builder-el-1  el_after_av_image  el_before_av_textblock '><span class='hr-inner '><span class=\"hr-inner-style\"><\/span><\/span><\/div>\n<section  class='av_textblock_section av-av_textblock-396ddf1f42196ca838231e61a4602801'  itemscope=\"itemscope\" itemtype=\"https:\/\/schema.org\/CreativeWork\" ><div class='avia_textblock'  itemprop=\"text\" ><p><strong>Aplikacija \u201eSeaman\u201c<em> je aplikacija za vo\u0111enje evidencije o pomorcima, odnosno za kreiranje baze pomoraca s kojima agencija raspola\u017ee u svojoj bazi podataka.<\/em><\/strong><\/p>\n<p>Aplikacija omogu\u0107uje sistematizaciju podataka o pomorcima na na\u010din da se iz baze podataka mogu pretra\u017eivati pomorci prema razli\u010ditim kriterijima kako bi se ponudili kompaniji ovisno o zahtjevima za odre\u0111enim radnim mjestom ili kako bi se dobilo evidenciju koji su pomorci ukrcani na konkretnu kompaniju (po kompanijama i po brodovima). Pretra\u017eivanje se mo\u017ee vr\u0161iti prema svim parametrima evidencije o pomorcima.<\/p>\n<p>Tako\u0111er, u aplikaciju se unose podaci o kompanijama i brodovima (grupa plovila, vrsta motora i sl.) s kojima agencija za ukrcaj pomoraca sura\u0111uje, odnosno na koje su ukrcani pomorci iz baze podataka.<\/p>\n<\/div><\/section>\n<div  class='hr av-av_hr-dcd2069817a0e3d34ae04cad8f3443c7 hr-default  avia-builder-el-3  el_after_av_textblock  el_before_av_gallery '><span class='hr-inner '><span class=\"hr-inner-style\"><\/span><\/span><\/div>\n\n<style type=\"text\/css\" data-created_by=\"avia_inline_auto\" id=\"style-css-av-av_gallery-4402b5e28138380e2e5f648ea9a131a5\">\n#top .avia-gallery.av-av_gallery-4402b5e28138380e2e5f648ea9a131a5 .avia-gallery-thumb a{\nwidth:20%;\n}\n<\/style>\n<div  class='avia-gallery av-av_gallery-4402b5e28138380e2e5f648ea9a131a5 avia_animate_when_visible  avia-builder-el-4  el_after_av_hr  el_before_av_hr  avia_lazyload avia-gallery-animate avia-gallery-1'  itemprop=\"image\" itemscope=\"itemscope\" itemtype=\"https:\/\/schema.org\/ImageObject\" ><meta itemprop=\"contentURL\" content=\"https:\/\/e-sustav.enel.hr\/?page_id=335\"><div class='avia-gallery-thumb'><a href=\"https:\/\/e-sustav.enel.hr\/wp-content\/uploads\/2015\/12\/SEAMAN_diagram-1030x545.jpg\" data-srcset=\"https:\/\/e-sustav.enel.hr\/wp-content\/uploads\/2015\/12\/SEAMAN_diagram-1030x545.jpg 1030w, https:\/\/e-sustav.enel.hr\/wp-content\/uploads\/2015\/12\/SEAMAN_diagram-300x159.jpg 300w, https:\/\/e-sustav.enel.hr\/wp-content\/uploads\/2015\/12\/SEAMAN_diagram-710x375.jpg 710w, https:\/\/e-sustav.enel.hr\/wp-content\/uploads\/2015\/12\/SEAMAN_diagram-705x373.jpg 705w, https:\/\/e-sustav.enel.hr\/wp-content\/uploads\/2015\/12\/SEAMAN_diagram-450x238.jpg 450w, https:\/\/e-sustav.enel.hr\/wp-content\/uploads\/2015\/12\/SEAMAN_diagram.jpg 1081w\" data-sizes=\"(max-width: 1030px) 100vw, 1030px\" data-rel='gallery-1' data-prev-img='https:\/\/e-sustav.enel.hr\/wp-content\/uploads\/2015\/12\/SEAMAN_diagram-495x400.jpg' class='first_thumb lightbox ' data-onclick='1' title='SEAMAN_diagram'  itemprop=\"thumbnailUrl\"  ><img class=\"wp-image-380 avia-img-lazy-loading-not-380\"   src=\"https:\/\/e-sustav.enel.hr\/wp-content\/uploads\/2015\/12\/SEAMAN_diagram-495x400.jpg\" width=\"495\" height=\"400\"  title='SEAMAN_diagram' alt='' \/><div class='big-prev-fake'><img loading=\"lazy\" class=\"wp-image-380 avia-img-lazy-loading-380\"  width=\"495\" height=\"400\" src=\"https:\/\/e-sustav.enel.hr\/wp-content\/uploads\/2015\/12\/SEAMAN_diagram-495x400.jpg\" title='SEAMAN_diagram' alt='' \/><\/div><\/a><a href=\"https:\/\/e-sustav.enel.hr\/wp-content\/uploads\/2015\/12\/Sifrarnici-1030x824.jpg\" data-srcset=\"https:\/\/e-sustav.enel.hr\/wp-content\/uploads\/2015\/12\/Sifrarnici-1030x824.jpg 1030w, https:\/\/e-sustav.enel.hr\/wp-content\/uploads\/2015\/12\/Sifrarnici-300x240.jpg 300w, https:\/\/e-sustav.enel.hr\/wp-content\/uploads\/2015\/12\/Sifrarnici-705x564.jpg 705w, https:\/\/e-sustav.enel.hr\/wp-content\/uploads\/2015\/12\/Sifrarnici-450x360.jpg 450w, https:\/\/e-sustav.enel.hr\/wp-content\/uploads\/2015\/12\/Sifrarnici.jpg 1280w\" data-sizes=\"(max-width: 1030px) 100vw, 1030px\" data-rel='gallery-1' data-prev-img='https:\/\/e-sustav.enel.hr\/wp-content\/uploads\/2015\/12\/Sifrarnici-495x400.jpg' class='lightbox ' data-onclick='2' title='Sifrarnici'  itemprop=\"thumbnailUrl\"  ><img class=\"wp-image-362 avia-img-lazy-loading-not-362\"   src=\"https:\/\/e-sustav.enel.hr\/wp-content\/uploads\/2015\/12\/Sifrarnici-495x400.jpg\" width=\"495\" height=\"400\"  title='Sifrarnici' alt='' srcset=\"https:\/\/e-sustav.enel.hr\/wp-content\/uploads\/2015\/12\/Sifrarnici-495x400.jpg 495w, https:\/\/e-sustav.enel.hr\/wp-content\/uploads\/2015\/12\/Sifrarnici-845x684.jpg 845w\" sizes=\"(max-width: 495px) 100vw, 495px\" \/><div class='big-prev-fake'><img loading=\"lazy\" class=\"wp-image-362 avia-img-lazy-loading-362\"  width=\"495\" height=\"400\" src=\"https:\/\/e-sustav.enel.hr\/wp-content\/uploads\/2015\/12\/Sifrarnici-495x400.jpg\" title='Sifrarnici' alt='' srcset=\"https:\/\/e-sustav.enel.hr\/wp-content\/uploads\/2015\/12\/Sifrarnici-495x400.jpg 495w, https:\/\/e-sustav.enel.hr\/wp-content\/uploads\/2015\/12\/Sifrarnici-845x684.jpg 845w\" sizes=\"(max-width: 495px) 100vw, 495px\" \/><\/div><\/a><a href=\"https:\/\/e-sustav.enel.hr\/wp-content\/uploads\/2015\/12\/Maska-za-unos-osnovnih-podataka-o-pomorcu-1030x788.jpg\" data-srcset=\"https:\/\/e-sustav.enel.hr\/wp-content\/uploads\/2015\/12\/Maska-za-unos-osnovnih-podataka-o-pomorcu-1030x788.jpg 1030w, https:\/\/e-sustav.enel.hr\/wp-content\/uploads\/2015\/12\/Maska-za-unos-osnovnih-podataka-o-pomorcu-300x229.jpg 300w, https:\/\/e-sustav.enel.hr\/wp-content\/uploads\/2015\/12\/Maska-za-unos-osnovnih-podataka-o-pomorcu-705x539.jpg 705w, https:\/\/e-sustav.enel.hr\/wp-content\/uploads\/2015\/12\/Maska-za-unos-osnovnih-podataka-o-pomorcu-450x344.jpg 450w, https:\/\/e-sustav.enel.hr\/wp-content\/uploads\/2015\/12\/Maska-za-unos-osnovnih-podataka-o-pomorcu.jpg 1280w\" data-sizes=\"(max-width: 1030px) 100vw, 1030px\" data-rel='gallery-1' data-prev-img='https:\/\/e-sustav.enel.hr\/wp-content\/uploads\/2015\/12\/Maska-za-unos-osnovnih-podataka-o-pomorcu-495x400.jpg' class='lightbox ' data-onclick='3' title='Maska za unos osnovnih podataka o pomorcu'  itemprop=\"thumbnailUrl\"  ><img class=\"wp-image-363 avia-img-lazy-loading-not-363\"   src=\"https:\/\/e-sustav.enel.hr\/wp-content\/uploads\/2015\/12\/Maska-za-unos-osnovnih-podataka-o-pomorcu-495x400.jpg\" width=\"495\" height=\"400\"  title='Maska za unos osnovnih podataka o pomorcu' alt='' srcset=\"https:\/\/e-sustav.enel.hr\/wp-content\/uploads\/2015\/12\/Maska-za-unos-osnovnih-podataka-o-pomorcu-495x400.jpg 495w, https:\/\/e-sustav.enel.hr\/wp-content\/uploads\/2015\/12\/Maska-za-unos-osnovnih-podataka-o-pomorcu-845x684.jpg 845w\" sizes=\"(max-width: 495px) 100vw, 495px\" \/><div class='big-prev-fake'><img loading=\"lazy\" class=\"wp-image-363 avia-img-lazy-loading-363\"  width=\"495\" height=\"400\" src=\"https:\/\/e-sustav.enel.hr\/wp-content\/uploads\/2015\/12\/Maska-za-unos-osnovnih-podataka-o-pomorcu-495x400.jpg\" title='Maska za unos osnovnih podataka o pomorcu' alt='' srcset=\"https:\/\/e-sustav.enel.hr\/wp-content\/uploads\/2015\/12\/Maska-za-unos-osnovnih-podataka-o-pomorcu-495x400.jpg 495w, https:\/\/e-sustav.enel.hr\/wp-content\/uploads\/2015\/12\/Maska-za-unos-osnovnih-podataka-o-pomorcu-845x684.jpg 845w\" sizes=\"(max-width: 495px) 100vw, 495px\" \/><\/div><\/a><a href=\"https:\/\/e-sustav.enel.hr\/wp-content\/uploads\/2015\/12\/Maska-za-unos-dodatnih-podataka-o-pomorcu1-1030x788.jpg\" data-srcset=\"https:\/\/e-sustav.enel.hr\/wp-content\/uploads\/2015\/12\/Maska-za-unos-dodatnih-podataka-o-pomorcu1-1030x788.jpg 1030w, https:\/\/e-sustav.enel.hr\/wp-content\/uploads\/2015\/12\/Maska-za-unos-dodatnih-podataka-o-pomorcu1-300x229.jpg 300w, https:\/\/e-sustav.enel.hr\/wp-content\/uploads\/2015\/12\/Maska-za-unos-dodatnih-podataka-o-pomorcu1-705x539.jpg 705w, https:\/\/e-sustav.enel.hr\/wp-content\/uploads\/2015\/12\/Maska-za-unos-dodatnih-podataka-o-pomorcu1-450x344.jpg 450w, https:\/\/e-sustav.enel.hr\/wp-content\/uploads\/2015\/12\/Maska-za-unos-dodatnih-podataka-o-pomorcu1.jpg 1280w\" data-sizes=\"(max-width: 1030px) 100vw, 1030px\" data-rel='gallery-1' data-prev-img='https:\/\/e-sustav.enel.hr\/wp-content\/uploads\/2015\/12\/Maska-za-unos-dodatnih-podataka-o-pomorcu1-495x400.jpg' class='lightbox ' data-onclick='4' title='Maska za unos dodatnih podataka o pomorcu1'  itemprop=\"thumbnailUrl\"  ><img class=\"wp-image-366 avia-img-lazy-loading-not-366\"   src=\"https:\/\/e-sustav.enel.hr\/wp-content\/uploads\/2015\/12\/Maska-za-unos-dodatnih-podataka-o-pomorcu1-495x400.jpg\" width=\"495\" height=\"400\"  title='Maska za unos dodatnih podataka o pomorcu1' alt='' srcset=\"https:\/\/e-sustav.enel.hr\/wp-content\/uploads\/2015\/12\/Maska-za-unos-dodatnih-podataka-o-pomorcu1-495x400.jpg 495w, https:\/\/e-sustav.enel.hr\/wp-content\/uploads\/2015\/12\/Maska-za-unos-dodatnih-podataka-o-pomorcu1-845x684.jpg 845w\" sizes=\"(max-width: 495px) 100vw, 495px\" \/><div class='big-prev-fake'><img loading=\"lazy\" class=\"wp-image-366 avia-img-lazy-loading-366\"  width=\"495\" height=\"400\" src=\"https:\/\/e-sustav.enel.hr\/wp-content\/uploads\/2015\/12\/Maska-za-unos-dodatnih-podataka-o-pomorcu1-495x400.jpg\" title='Maska za unos dodatnih podataka o pomorcu1' alt='' srcset=\"https:\/\/e-sustav.enel.hr\/wp-content\/uploads\/2015\/12\/Maska-za-unos-dodatnih-podataka-o-pomorcu1-495x400.jpg 495w, https:\/\/e-sustav.enel.hr\/wp-content\/uploads\/2015\/12\/Maska-za-unos-dodatnih-podataka-o-pomorcu1-845x684.jpg 845w\" sizes=\"(max-width: 495px) 100vw, 495px\" \/><\/div><\/a><a href=\"https:\/\/e-sustav.enel.hr\/wp-content\/uploads\/2015\/12\/Maska-za-unos-dodatnih-podataka-o-pomorcu2-1030x788.jpg\" data-srcset=\"https:\/\/e-sustav.enel.hr\/wp-content\/uploads\/2015\/12\/Maska-za-unos-dodatnih-podataka-o-pomorcu2-1030x788.jpg 1030w, https:\/\/e-sustav.enel.hr\/wp-content\/uploads\/2015\/12\/Maska-za-unos-dodatnih-podataka-o-pomorcu2-300x229.jpg 300w, https:\/\/e-sustav.enel.hr\/wp-content\/uploads\/2015\/12\/Maska-za-unos-dodatnih-podataka-o-pomorcu2-705x539.jpg 705w, https:\/\/e-sustav.enel.hr\/wp-content\/uploads\/2015\/12\/Maska-za-unos-dodatnih-podataka-o-pomorcu2-450x344.jpg 450w, https:\/\/e-sustav.enel.hr\/wp-content\/uploads\/2015\/12\/Maska-za-unos-dodatnih-podataka-o-pomorcu2.jpg 1280w\" data-sizes=\"(max-width: 1030px) 100vw, 1030px\" data-rel='gallery-1' data-prev-img='https:\/\/e-sustav.enel.hr\/wp-content\/uploads\/2015\/12\/Maska-za-unos-dodatnih-podataka-o-pomorcu2-495x400.jpg' class='lightbox ' data-onclick='5' title='Maska za unos dodatnih podataka o pomorcu2'  itemprop=\"thumbnailUrl\"  ><img class=\"wp-image-367 avia-img-lazy-loading-not-367\"   src=\"https:\/\/e-sustav.enel.hr\/wp-content\/uploads\/2015\/12\/Maska-za-unos-dodatnih-podataka-o-pomorcu2-495x400.jpg\" width=\"495\" height=\"400\"  title='Maska za unos dodatnih podataka o pomorcu2' alt='' srcset=\"https:\/\/e-sustav.enel.hr\/wp-content\/uploads\/2015\/12\/Maska-za-unos-dodatnih-podataka-o-pomorcu2-495x400.jpg 495w, https:\/\/e-sustav.enel.hr\/wp-content\/uploads\/2015\/12\/Maska-za-unos-dodatnih-podataka-o-pomorcu2-845x684.jpg 845w\" sizes=\"(max-width: 495px) 100vw, 495px\" \/><div class='big-prev-fake'><img loading=\"lazy\" class=\"wp-image-367 avia-img-lazy-loading-367\"  width=\"495\" height=\"400\" src=\"https:\/\/e-sustav.enel.hr\/wp-content\/uploads\/2015\/12\/Maska-za-unos-dodatnih-podataka-o-pomorcu2-495x400.jpg\" title='Maska za unos dodatnih podataka o pomorcu2' alt='' srcset=\"https:\/\/e-sustav.enel.hr\/wp-content\/uploads\/2015\/12\/Maska-za-unos-dodatnih-podataka-o-pomorcu2-495x400.jpg 495w, https:\/\/e-sustav.enel.hr\/wp-content\/uploads\/2015\/12\/Maska-za-unos-dodatnih-podataka-o-pomorcu2-845x684.jpg 845w\" sizes=\"(max-width: 495px) 100vw, 495px\" \/><\/div><\/a><\/div><\/div>\n\n<style type=\"text\/css\" data-created_by=\"avia_inline_auto\" id=\"style-css-av-av_hr-741ab06d0690c1111415ef58b6e9dc92\">\n#top .hr.hr-invisible.av-av_hr-741ab06d0690c1111415ef58b6e9dc92{\nheight:40px;\n}\n<\/style>\n<div  class='hr av-av_hr-741ab06d0690c1111415ef58b6e9dc92 hr-invisible  avia-builder-el-5  el_after_av_gallery  el_before_av_one_full '><span class='hr-inner '><span class=\"hr-inner-style\"><\/span><\/span><\/div>\n\n<style type=\"text\/css\" data-created_by=\"avia_inline_auto\" id=\"style-css-av-av_one_full-6126cab7d8fab8d08143dd2dacdf673c\">\n.flex_column.av-av_one_full-6126cab7d8fab8d08143dd2dacdf673c{\nborder-radius:0px 0px 0px 0px;\n-webkit-border-radius:0px 0px 0px 0px;\n-moz-border-radius:0px 0px 0px 0px;\n}\n<\/style>\n<div class='flex_column av-av_one_full-6126cab7d8fab8d08143dd2dacdf673c av_one_full  avia-builder-el-6  el_after_av_hr  el_before_av_one_half  first flex_column_div av-zero-column-padding '   ><style type=\"text\/css\" data-created_by=\"avia_inline_auto\" id=\"style-css-av-av_heading-56f9f9d28dfc2833f8a83ee14399b02b\">\n#top .av-special-heading.av-av_heading-56f9f9d28dfc2833f8a83ee14399b02b{\npadding-bottom:10px;\n}\nbody .av-special-heading.av-av_heading-56f9f9d28dfc2833f8a83ee14399b02b .av-special-heading-tag .heading-char{\nfont-size:25px;\n}\n.av-special-heading.av-av_heading-56f9f9d28dfc2833f8a83ee14399b02b .av-subheading{\nfont-size:15px;\n}\n<\/style>\n<div  class='av-special-heading av-av_heading-56f9f9d28dfc2833f8a83ee14399b02b av-special-heading-h5 meta-heading  avia-builder-el-7  avia-builder-el-no-sibling '><h5 class='av-special-heading-tag'  itemprop=\"headline\"  >Saznajte vi\u0161e<\/h5><div class=\"special-heading-border\"><div class=\"special-heading-inner-border\"><\/div><\/div><\/div><\/div>\n\n<style type=\"text\/css\" data-created_by=\"avia_inline_auto\" id=\"style-css-av-av_one_half-6126cab7d8fab8d08143dd2dacdf673c\">\n.flex_column.av-av_one_half-6126cab7d8fab8d08143dd2dacdf673c{\nborder-radius:0px 0px 0px 0px;\n-webkit-border-radius:0px 0px 0px 0px;\n-moz-border-radius:0px 0px 0px 0px;\n}\n<\/style>\n<div class='flex_column av-av_one_half-6126cab7d8fab8d08143dd2dacdf673c av_one_half  avia-builder-el-8  el_after_av_one_full  el_before_av_one_half  first flex_column_div av-zero-column-padding column-top-margin'   ><style type=\"text\/css\" data-created_by=\"avia_inline_auto\" id=\"style-css-av-av_iconlist-5cb168a98569a009abfd0919ac780a6b\">\n#top .avia-icon-list-container.av-av_iconlist-5cb168a98569a009abfd0919ac780a6b .iconlist_icon{\ncolor:#ffffff;\nbackground-color:#2d5c88;\n}\n#top #wrap_all .avia-icon-list-container.av-av_iconlist-5cb168a98569a009abfd0919ac780a6b .av_iconlist_title{\ncolor:#2d5c88;\n}\n<\/style>\n<div  class='avia-icon-list-container av-av_iconlist-5cb168a98569a009abfd0919ac780a6b  avia-builder-el-9  avia-builder-el-no-sibling '><ul class='avia-icon-list avia_animate_when_almost_visible avia-icon-list-left av-iconlist-small av-av_iconlist-5cb168a98569a009abfd0919ac780a6b avia-iconlist-animate'>\n<li><a href='https:\/\/e-sustav.enel.hr\/?page_id=756' title='Izvje\u0161taji'  target=\"_blank\"  rel=\"noopener noreferrer\" class='iconlist_icon av-av_iconlist_item-20e58f0d7f4dc9b5d371774b3f1af32c avia-font-entypo-fontello'><span class='iconlist-char' aria-hidden='true' data-av_icon='\ue856' data-av_iconfont='entypo-fontello'><\/span><\/a><article class=\"article-icon-entry av-iconlist-empty\"  itemscope=\"itemscope\" itemtype=\"https:\/\/schema.org\/CreativeWork\" ><div class=\"iconlist_content_wrap\"><header class=\"entry-content-header\"><div class='av_iconlist_title iconlist_title_small  av_inherit_color'  itemprop=\"headline\" ><a href='https:\/\/e-sustav.enel.hr\/?page_id=756' title='Izvje\u0161taji' target=\"_blank\"  rel=\"noopener noreferrer\">Izvje\u0161taji<\/a><\/div><\/header><div class='iconlist_content '  itemprop=\"text\" ><\/div><\/div><footer class=\"entry-footer\"><\/footer><\/article><div class=\"iconlist-timeline\"><\/div><\/li>\n<li><a href='https:\/\/e-sustav.enel.hr\/?page_id=761' title='Modul Ra\u010duni'  target=\"_blank\"  rel=\"noopener noreferrer\" class='iconlist_icon av-av_iconlist_item-25c6e5f55b4aa76d2d4c4a2f7229b965 avia-font-entypo-fontello'><span class='iconlist-char' aria-hidden='true' data-av_icon='\ue84d' data-av_iconfont='entypo-fontello'><\/span><\/a><article class=\"article-icon-entry av-iconlist-empty\"  itemscope=\"itemscope\" itemtype=\"https:\/\/schema.org\/CreativeWork\" ><div class=\"iconlist_content_wrap\"><header class=\"entry-content-header\"><div class='av_iconlist_title iconlist_title_small  av_inherit_color'  itemprop=\"headline\" ><a href='https:\/\/e-sustav.enel.hr\/?page_id=761' title='Modul Ra\u010duni' target=\"_blank\"  rel=\"noopener noreferrer\">Modul Ra\u010duni<\/a><\/div><\/header><div class='iconlist_content '  itemprop=\"text\" ><\/div><\/div><footer class=\"entry-footer\"><\/footer><\/article><div class=\"iconlist-timeline\"><\/div><\/li>\n<\/ul><\/div><\/div>\n\n<style type=\"text\/css\" data-created_by=\"avia_inline_auto\" id=\"style-css-av-av_one_half-0aa7055fe62c3622faec82866afbaeb2\">\n.flex_column.av-av_one_half-0aa7055fe62c3622faec82866afbaeb2{\nborder-radius:0px 0px 0px 0px;\n-webkit-border-radius:0px 0px 0px 0px;\n-moz-border-radius:0px 0px 0px 0px;\n}\n<\/style>\n<div class='flex_column av-av_one_half-0aa7055fe62c3622faec82866afbaeb2 av_one_half  avia-builder-el-10  el_after_av_one_half  avia-builder-el-last  flex_column_div av-zero-column-padding column-top-margin'   ><style type=\"text\/css\" data-created_by=\"avia_inline_auto\" id=\"style-css-av-av_icon_box-164df95870e26f69e5b5e7fd4e30fdb8\">\n.iconbox.av-av_icon_box-164df95870e26f69e5b5e7fd4e30fdb8 .iconbox_icon{\ncolor:#2d5c88;\n}\n#top #wrap_all .iconbox.av-av_icon_box-164df95870e26f69e5b5e7fd4e30fdb8 .iconbox_content_title{\ncolor:#2d5c88;\n}\n<\/style>\n<article  class='iconbox iconbox_left av-av_icon_box-164df95870e26f69e5b5e7fd4e30fdb8  avia-builder-el-11  avia-builder-el-no-sibling '  itemscope=\"itemscope\" itemtype=\"https:\/\/schema.org\/CreativeWork\" ><div class=\"iconbox_content\"><header class=\"entry-content-header\"><div class=\"iconbox_icon heading-color\" aria-hidden='true' data-av_icon='\ue849' data-av_iconfont='entypo-fontello'><\/div><h3 class='iconbox_content_title '  itemprop=\"headline\" ><a href='http:\/\/www.enel-sustav.hr\/wp-content\/uploads\/2015\/12\/SEAMAN_letak1.pdf' title='Preuzmite Seaman letak' target=\"_blank\" rel=\"noopener noreferrer\">Preuzmite Seaman letak<\/a><\/h3><\/header><div class='iconbox_content_container '  itemprop=\"text\" ><\/div><\/div><footer class=\"entry-footer\"><\/footer><\/article><\/div>\n","protected":false},"excerpt":{"rendered":"","protected":false},"author":1,"featured_media":0,"parent":0,"menu_order":0,"comment_status":"open","ping_status":"open","template":"","meta":[],"_links":{"self":[{"href":"https:\/\/e-sustav.enel.hr\/index.php?rest_route=\/wp\/v2\/pages\/335"}],"collection":[{"href":"https:\/\/e-sustav.enel.hr\/index.php?rest_route=\/wp\/v2\/pages"}],"about":[{"href":"https:\/\/e-sustav.enel.hr\/index.php?rest_route=\/wp\/v2\/types\/page"}],"author":[{"embeddable":true,"href":"https:\/\/e-sustav.enel.hr\/index.php?rest_route=\/wp\/v2\/users\/1"}],"replies":[{"embeddable":true,"href":"https:\/\/e-sustav.enel.hr\/index.php?rest_route=%2Fwp%2Fv2%2Fcomments&post=335"}],"version-history":[{"count":46,"href":"https:\/\/e-sustav.enel.hr\/index.php?rest_route=\/wp\/v2\/pages\/335\/revisions"}],"predecessor-version":[{"id":379,"href":"https:\/\/e-sustav.enel.hr\/index.php?rest_route=\/wp\/v2\/pages\/335\/revisions\/379"}],"wp:attachment":[{"href":"https:\/\/e-sustav.enel.hr\/index.php?rest_route=%2Fwp%2Fv2%2Fmedia&parent=335"}],"curies":[{"name":"wp","href":"https:\/\/api.w.org\/{rel}","templated":true}]}}