{"id":33,"date":"2015-02-09T13:09:13","date_gmt":"2015-02-09T12:09:13","guid":{"rendered":"http:\/\/www.enel-sustav.hr\/?page_id=33"},"modified":"2015-04-13T08:51:14","modified_gmt":"2015-04-13T07:51:14","slug":"funkcionalnosti-rjesenja","status":"publish","type":"page","link":"https:\/\/e-sustav.enel.hr\/?page_id=33","title":{"rendered":"Mogu\u0107nosti rje\u0161enja"},"content":{"rendered":"<p class=\"sadrzaj\">Rje\u0161enje Fiskalna blagajna omogu\u0107ava svojim korisnicima:<\/p>\n<ul class=\"sadrzaj\">\n<li>Brz i siguran unos i izdavanje fiskalnih ra\u010duna<\/li>\n<li>Mogu\u0107nost izdavanja R1\/R2 ra\u010duna<\/li>\n<li>Veliki broj izvje\u0161\u0107a: zaklju\u010dak dana, zaklju\u010dak kase, analiza prometa, rekapitulacija ra\u010duna, stanje kase \u2026<\/li>\n<li>Mogu\u0107nost storniranja gotovinskih ra\u010duna<\/li>\n<li>Odabir na\u010dina unosa podataka: tipkovnica, bar kod \u010dita\u010d \u2026<\/li>\n<li>Razli\u010dite vrste pla\u0107anja (gotovina, kartica, \u010dekovi)<\/li>\n<li>Mogu\u0107nost ispisa ra\u010duna na POS printeru i na printeru formata A4<\/li>\n<li>Osigurana podr\u0161ka<\/li>\n<li>Samoinstaliraju\u0107i paket i zakonske izmjene dostupne na <a href=\"http:\/\/www.enel.hr\">enel.hr<\/a><\/li>\n<li>Elektronska forma upute dostupna na <a href=\"http:\/\/www.enel.hr\">enel.hr<\/a><\/li>\n<\/ul>\n<p>&nbsp;<\/p>\n","protected":false},"excerpt":{"rendered":"<p>Rje\u0161enje Fiskalna blagajna omogu\u0107ava svojim korisnicima: Brz i siguran unos i izdavanje fiskalnih ra\u010duna Mogu\u0107nost izdavanja R1\/R2 ra\u010duna Veliki broj izvje\u0161\u0107a: zaklju\u010dak dana, zaklju\u010dak kase, analiza prometa, rekapitulacija ra\u010duna, stanje kase \u2026 Mogu\u0107nost storniranja gotovinskih ra\u010duna Odabir na\u010dina unosa podataka: tipkovnica, bar kod \u010dita\u010d \u2026 Razli\u010dite vrste pla\u0107anja (gotovina, kartica, \u010dekovi) Mogu\u0107nost ispisa ra\u010duna na [&hellip;]<\/p>\n","protected":false},"author":1,"featured_media":0,"parent":18,"menu_order":0,"comment_status":"open","ping_status":"open","template":"","meta":[],"_links":{"self":[{"href":"https:\/\/e-sustav.enel.hr\/index.php?rest_route=\/wp\/v2\/pages\/33"}],"collection":[{"href":"https:\/\/e-sustav.enel.hr\/index.php?rest_route=\/wp\/v2\/pages"}],"about":[{"href":"https:\/\/e-sustav.enel.hr\/index.php?rest_route=\/wp\/v2\/types\/page"}],"author":[{"embeddable":true,"href":"https:\/\/e-sustav.enel.hr\/index.php?rest_route=\/wp\/v2\/users\/1"}],"replies":[{"embeddable":true,"href":"https:\/\/e-sustav.enel.hr\/index.php?rest_route=%2Fwp%2Fv2%2Fcomments&post=33"}],"version-history":[{"count":6,"href":"https:\/\/e-sustav.enel.hr\/index.php?rest_route=\/wp\/v2\/pages\/33\/revisions"}],"predecessor-version":[{"id":35,"href":"https:\/\/e-sustav.enel.hr\/index.php?rest_route=\/wp\/v2\/pages\/33\/revisions\/35"}],"up":[{"embeddable":true,"href":"https:\/\/e-sustav.enel.hr\/index.php?rest_route=\/wp\/v2\/pages\/18"}],"wp:attachment":[{"href":"https:\/\/e-sustav.enel.hr\/index.php?rest_route=%2Fwp%2Fv2%2Fmedia&parent=33"}],"curies":[{"name":"wp","href":"https:\/\/api.w.org\/{rel}","templated":true}]}}