{"id":18,"date":"2015-02-09T12:33:41","date_gmt":"2015-02-09T11:33:41","guid":{"rendered":"http:\/\/www.enel-sustav.hr\/?page_id=18"},"modified":"2018-08-29T13:40:10","modified_gmt":"2018-08-29T12:40:10","slug":"fiskalna-blagajna","status":"publish","type":"page","link":"https:\/\/e-sustav.enel.hr\/?page_id=18","title":{"rendered":"Fiskalna blagajna"},"content":{"rendered":"\n<style type=\"text\/css\" data-created_by=\"avia_inline_auto\" id=\"style-css-av-av_one_full-6126cab7d8fab8d08143dd2dacdf673c\">\n.flex_column.av-av_one_full-6126cab7d8fab8d08143dd2dacdf673c{\nborder-radius:0px 0px 0px 0px;\n-webkit-border-radius:0px 0px 0px 0px;\n-moz-border-radius:0px 0px 0px 0px;\n}\n<\/style>\n<div class='flex_column av-av_one_full-6126cab7d8fab8d08143dd2dacdf673c av_one_full  avia-builder-el-0  el_before_av_heading  avia-builder-el-first  first flex_column_div av-zero-column-padding '   ><section  class='av_textblock_section av-av_textblock-396ddf1f42196ca838231e61a4602801'  itemscope=\"itemscope\" itemtype=\"https:\/\/schema.org\/CreativeWork\" ><div class='avia_textblock'  itemprop=\"text\" ><p class=\"sadrzaj\"><strong>Fiskalna blagajna<\/strong> je samostalna blagajna namijenjena izdavanju ra\u010duna za robu i usluge. Radi potpuno autonomno, a proizi\u0161la je iz vi\u0161egodi\u0161njeg iskustva u radu sa velikim maloprodajnim lancima, proizvodnim i uslu\u017enim\u00a0tvrtkama.<\/p>\n<p class=\"sadrzaj\">Na jednostavan na\u010din se unose podaci o prodajnom mjestu, artikli i usluge, normativi, porezne stope, prodajne cijene, popusti, podaci o karticama te izdaju ra\u010duni.<\/p>\n<p><strong>Osnovne karakteristike rje\u0161enja:<\/strong><\/p>\n<ul>\n<li>Uskla\u0111enost kase sa Zakonom o fiskalizaciji.<\/li>\n<li>Namijenjena \u0161irokom krugu obveznika fiskalizacije bez obzira na djelatnost (trgova\u010dki i uslu\u017eni obrti i tvrtke, lije\u010dnici i stomatolozi, odvjetnici i drugi )<\/li>\n<li>Samoinstaliraju\u0107i paket i zakonske izmjene dostupne na enel.hr<\/li>\n<li>Elektronska forma upute dostupna na <a href=\"http:\/\/www.enel.hr\">enel.hr<\/a><\/li>\n<li>Mogu\u0107nost dodatne edukacije korisnika<\/li>\n<li>Brz i jednostavan na\u010din kori\u0161tenja<\/li>\n<li>Svi podaci koji se ti\u010du prodaje na jednome su mjestu<\/li>\n<li>Mogu\u0107nost kontrole unesenih podataka<\/li>\n<li>Nemogu\u0107nost dupliciranja podataka<\/li>\n<li>Daljinsko odr\u017eavanje rje\u0161enja<\/li>\n<\/ul>\n<\/div><\/section><\/div>\n<style type=\"text\/css\" data-created_by=\"avia_inline_auto\" id=\"style-css-av-av_heading-2a11c7194b40d52d8e7fc5af0d34de25\">\n#top .av-special-heading.av-av_heading-2a11c7194b40d52d8e7fc5af0d34de25{\npadding-bottom:10px;\n}\nbody .av-special-heading.av-av_heading-2a11c7194b40d52d8e7fc5af0d34de25 .av-special-heading-tag .heading-char{\nfont-size:25px;\n}\n.av-special-heading.av-av_heading-2a11c7194b40d52d8e7fc5af0d34de25 .av-subheading{\nfont-size:15px;\n}\n<\/style>\n<div  class='av-special-heading av-av_heading-2a11c7194b40d52d8e7fc5af0d34de25 av-special-heading-h5 meta-heading  avia-builder-el-2  el_after_av_one_full  el_before_av_hr '><h5 class='av-special-heading-tag'  itemprop=\"headline\"  >Saznajte vi\u0161e<\/h5><div class=\"special-heading-border\"><div class=\"special-heading-inner-border\"><\/div><\/div><\/div><\/p>\n\n<style type=\"text\/css\" data-created_by=\"avia_inline_auto\" id=\"style-css-av-av_hr-1deae294de86921cadf9622fb2da0879\">\n#top .hr.hr-invisible.av-av_hr-1deae294de86921cadf9622fb2da0879{\nheight:25px;\n}\n<\/style>\n<div  class='hr av-av_hr-1deae294de86921cadf9622fb2da0879 hr-invisible  avia-builder-el-3  el_after_av_heading  el_before_av_one_full '><span class='hr-inner '><span class=\"hr-inner-style\"><\/span><\/span><\/div>\n\n<style type=\"text\/css\" data-created_by=\"avia_inline_auto\" id=\"style-css-av-av_one_full-6126cab7d8fab8d08143dd2dacdf673c\">\n.flex_column.av-av_one_full-6126cab7d8fab8d08143dd2dacdf673c{\nborder-radius:0px 0px 0px 0px;\n-webkit-border-radius:0px 0px 0px 0px;\n-moz-border-radius:0px 0px 0px 0px;\n}\n<\/style>\n<div class='flex_column av-av_one_full-6126cab7d8fab8d08143dd2dacdf673c av_one_full  avia-builder-el-4  el_after_av_hr  avia-builder-el-last  first flex_column_div av-zero-column-padding '   ><style type=\"text\/css\" data-created_by=\"avia_inline_auto\" id=\"style-css-av-av_iconlist-5cb168a98569a009abfd0919ac780a6b\">\n#top .avia-icon-list-container.av-av_iconlist-5cb168a98569a009abfd0919ac780a6b .iconlist_icon{\ncolor:#ffffff;\nbackground-color:#2d5c88;\n}\n#top #wrap_all .avia-icon-list-container.av-av_iconlist-5cb168a98569a009abfd0919ac780a6b .av_iconlist_title{\ncolor:#2d5c88;\n}\n<\/style>\n<div  class='avia-icon-list-container av-av_iconlist-5cb168a98569a009abfd0919ac780a6b  avia-builder-el-5  avia-builder-el-no-sibling '><ul class='avia-icon-list avia_animate_when_almost_visible avia-icon-list-left av-iconlist-small av-av_iconlist-5cb168a98569a009abfd0919ac780a6b avia-iconlist-animate'>\n<li><a href='https:\/\/e-sustav.enel.hr\/?page_id=33' title='Mogu\u0107nosti rje\u0161enja'  target=\"_blank\"  rel=\"noopener noreferrer\" class='iconlist_icon av-av_iconlist_item-27c72d6b5ecfc0a2d7887057bf76f6d1 avia-font-entypo-fontello'><span class='iconlist-char' aria-hidden='true' data-av_icon='\ue81e' data-av_iconfont='entypo-fontello'><\/span><\/a><article class=\"article-icon-entry av-iconlist-empty\"  itemscope=\"itemscope\" itemtype=\"https:\/\/schema.org\/CreativeWork\" ><div class=\"iconlist_content_wrap\"><header class=\"entry-content-header\"><div class='av_iconlist_title iconlist_title_small  av_inherit_color'  itemprop=\"headline\" ><a href='https:\/\/e-sustav.enel.hr\/?page_id=33' title='Mogu\u0107nosti rje\u0161enja' target=\"_blank\"  rel=\"noopener noreferrer\">Mogu\u0107nosti rje\u0161enja<\/a><\/div><\/header><div class='iconlist_content '  itemprop=\"text\" ><\/div><\/div><footer class=\"entry-footer\"><\/footer><\/article><div class=\"iconlist-timeline\"><\/div><\/li>\n<li><a href='https:\/\/e-sustav.enel.hr\/?page_id=160' title='Prilozi i upute'  target=\"_blank\"  rel=\"noopener noreferrer\" class='iconlist_icon av-av_iconlist_item-211c2c1d5b43d9968eb04c0853cdd94e avia-font-entypo-fontello'><span class='iconlist-char' aria-hidden='true' data-av_icon='\ue84e' data-av_iconfont='entypo-fontello'><\/span><\/a><article class=\"article-icon-entry av-iconlist-empty\"  itemscope=\"itemscope\" itemtype=\"https:\/\/schema.org\/CreativeWork\" ><div class=\"iconlist_content_wrap\"><header class=\"entry-content-header\"><div class='av_iconlist_title iconlist_title_small  av_inherit_color'  itemprop=\"headline\" ><a href='https:\/\/e-sustav.enel.hr\/?page_id=160' title='Prilozi i upute' target=\"_blank\"  rel=\"noopener noreferrer\">Prilozi i upute<\/a><\/div><\/header><div class='iconlist_content '  itemprop=\"text\" ><\/div><\/div><footer class=\"entry-footer\"><\/footer><\/article><div class=\"iconlist-timeline\"><\/div><\/li>\n<li><a href='https:\/\/e-sustav.enel.hr\/?page_id=190' title='Pruzimanje novih verzija'  class='iconlist_icon av-av_iconlist_item-c5d353558227466f11430141ef773ffa avia-font-entypo-fontello'><span class='iconlist-char' aria-hidden='true' data-av_icon='\ue82d' data-av_iconfont='entypo-fontello'><\/span><\/a><article class=\"article-icon-entry av-iconlist-empty\"  itemscope=\"itemscope\" itemtype=\"https:\/\/schema.org\/CreativeWork\" ><div class=\"iconlist_content_wrap\"><header class=\"entry-content-header\"><div class='av_iconlist_title iconlist_title_small  av_inherit_color'  itemprop=\"headline\" ><a href='https:\/\/e-sustav.enel.hr\/?page_id=190' title='Pruzimanje novih verzija'>Pruzimanje novih verzija<\/a><\/div><\/header><div class='iconlist_content '  itemprop=\"text\" ><\/div><\/div><footer class=\"entry-footer\"><\/footer><\/article><div class=\"iconlist-timeline\"><\/div><\/li>\n<\/ul><\/div><\/div>\n","protected":false},"excerpt":{"rendered":"","protected":false},"author":1,"featured_media":0,"parent":0,"menu_order":0,"comment_status":"open","ping_status":"open","template":"","meta":[],"_links":{"self":[{"href":"https:\/\/e-sustav.enel.hr\/index.php?rest_route=\/wp\/v2\/pages\/18"}],"collection":[{"href":"https:\/\/e-sustav.enel.hr\/index.php?rest_route=\/wp\/v2\/pages"}],"about":[{"href":"https:\/\/e-sustav.enel.hr\/index.php?rest_route=\/wp\/v2\/types\/page"}],"author":[{"embeddable":true,"href":"https:\/\/e-sustav.enel.hr\/index.php?rest_route=\/wp\/v2\/users\/1"}],"replies":[{"embeddable":true,"href":"https:\/\/e-sustav.enel.hr\/index.php?rest_route=%2Fwp%2Fv2%2Fcomments&post=18"}],"version-history":[{"count":9,"href":"https:\/\/e-sustav.enel.hr\/index.php?rest_route=\/wp\/v2\/pages\/18\/revisions"}],"predecessor-version":[{"id":814,"href":"https:\/\/e-sustav.enel.hr\/index.php?rest_route=\/wp\/v2\/pages\/18\/revisions\/814"}],"wp:attachment":[{"href":"https:\/\/e-sustav.enel.hr\/index.php?rest_route=%2Fwp%2Fv2%2Fmedia&parent=18"}],"curies":[{"name":"wp","href":"https:\/\/api.w.org\/{rel}","templated":true}]}}