{"id":160,"date":"2015-02-13T10:54:32","date_gmt":"2015-02-13T09:54:32","guid":{"rendered":"http:\/\/www.enel-sustav.hr\/?page_id=160"},"modified":"2018-09-05T01:01:41","modified_gmt":"2018-09-05T00:01:41","slug":"prilozi-i-upute","status":"publish","type":"page","link":"https:\/\/e-sustav.enel.hr\/?page_id=160","title":{"rendered":"Prilozi i upute"},"content":{"rendered":"<p>Na ovoj stranici mo\u017eete preuzeti slijede\u0107e upute:<\/p>\n<ul class=\"sadrzaj\">\n<li><a href=\"http:\/\/www.enel-sustav.hr\/wp-content\/uploads\/2015\/02\/Upute-za-instalaciju-FINA-certifikata.pdf\">Upute za instalaciju FINA certifikata<\/a><\/li>\n<li><a href=\"http:\/\/www.enel-sustav.hr\/wp-content\/uploads\/2015\/02\/Upute-za-instalaciju-BLAGAJNE.pdf\">Upute za instalaciju BLAGAJNE<\/a><\/li>\n<li><a href=\"http:\/\/www.enel-sustav.hr\/wp-content\/uploads\/2015\/02\/Upute-za-registraciju-BLAGAJNE2.pdf\">Upute za registraciju BLAGAJNE<\/a><\/li>\n<\/ul>\n<p>&nbsp;<\/p>\n<p>Ovdje mo\u017eete preuzeti upute za kori\u0161tenje fiskalnom blagajnom ovisno o Va\u0161oj djelatnosti:<\/p>\n<ul class=\"sadrzaj\">\n<li><a href=\"http:\/\/www.enel-sustav.hr\/wp-content\/uploads\/2015\/02\/Blagajna-maloprodaja.pdf\">Blagajna za maloprodaju <\/a><\/li>\n<li><a href=\"http:\/\/www.enel-sustav.hr\/wp-content\/uploads\/2015\/02\/Blagajna-ugostiteljstvo.pdf\">Blagajna za ugostiteljstvo<\/a><\/li>\n<li><a href=\"http:\/\/www.enel-sustav.hr\/wp-content\/uploads\/2015\/02\/Blagajna-maloprodaja-1.pdf\">Blagajna za odvjetni\u010dke urede<\/a><\/li>\n<li><a href=\"http:\/\/www.enel-sustav.hr\/wp-content\/uploads\/2015\/02\/Blagajna-maloprodaja-2.pdf\">Blagajna za geodetske urede<\/a><\/li>\n<li><a href=\"http:\/\/www.enel-sustav.hr\/wp-content\/uploads\/2015\/02\/Blagajna-maloprodaja-3.pdf\">Blagajna za turisti\u010dke agencije <\/a><\/li>\n<\/ul>\n","protected":false},"excerpt":{"rendered":"<p>Na ovoj stranici mo\u017eete preuzeti slijede\u0107e upute: Upute za instalaciju FINA certifikata Upute za instalaciju BLAGAJNE Upute za registraciju BLAGAJNE &nbsp; Ovdje mo\u017eete preuzeti upute za kori\u0161tenje fiskalnom blagajnom ovisno o Va\u0161oj djelatnosti: Blagajna za maloprodaju Blagajna za ugostiteljstvo Blagajna za odvjetni\u010dke urede Blagajna za geodetske urede Blagajna za turisti\u010dke agencije<\/p>\n","protected":false},"author":1,"featured_media":0,"parent":18,"menu_order":0,"comment_status":"open","ping_status":"open","template":"","meta":[],"_links":{"self":[{"href":"https:\/\/e-sustav.enel.hr\/index.php?rest_route=\/wp\/v2\/pages\/160"}],"collection":[{"href":"https:\/\/e-sustav.enel.hr\/index.php?rest_route=\/wp\/v2\/pages"}],"about":[{"href":"https:\/\/e-sustav.enel.hr\/index.php?rest_route=\/wp\/v2\/types\/page"}],"author":[{"embeddable":true,"href":"https:\/\/e-sustav.enel.hr\/index.php?rest_route=\/wp\/v2\/users\/1"}],"replies":[{"embeddable":true,"href":"https:\/\/e-sustav.enel.hr\/index.php?rest_route=%2Fwp%2Fv2%2Fcomments&post=160"}],"version-history":[{"count":4,"href":"https:\/\/e-sustav.enel.hr\/index.php?rest_route=\/wp\/v2\/pages\/160\/revisions"}],"predecessor-version":[{"id":866,"href":"https:\/\/e-sustav.enel.hr\/index.php?rest_route=\/wp\/v2\/pages\/160\/revisions\/866"}],"up":[{"embeddable":true,"href":"https:\/\/e-sustav.enel.hr\/index.php?rest_route=\/wp\/v2\/pages\/18"}],"wp:attachment":[{"href":"https:\/\/e-sustav.enel.hr\/index.php?rest_route=%2Fwp%2Fv2%2Fmedia&parent=160"}],"curies":[{"name":"wp","href":"https:\/\/api.w.org\/{rel}","templated":true}]}}