{"id":108,"date":"2015-02-12T13:54:25","date_gmt":"2015-02-12T12:54:25","guid":{"rendered":"http:\/\/www.enel-sustav.hr\/?page_id=108"},"modified":"2017-09-25T13:24:45","modified_gmt":"2017-09-25T12:24:45","slug":"isustav","status":"publish","type":"page","link":"https:\/\/e-sustav.enel.hr\/?page_id=108","title":{"rendered":"iSustav"},"content":{"rendered":"<p><strong>iSustav<\/strong> je cjelovito rje\u0161enje sa kojim i manje tvrtke mogu imati\u00a0ERP rje\u0161enje <strong>bez ulaganja u ra\u010dunalnu opremu, dugotrajnu prilagodbu i edukaciju i bez suvi\u0161nih tro\u0161kova!<\/strong><\/p>\n<p>Rije\u010d je o\u00a0pouzdanom informati\u010dkom rje\u0161enju prilago\u0111enom manjim tvrtkama koje \u017eele unaprijediti i optimizirati klju\u010dne poslovne procese prema najvi\u0161im standardima, a istodobno izbje\u0107i inicijalno visoko ulaganje koje sa sobom nosi implementacija klasi\u010dnog ERP rje\u0161enja.<\/p>\n<p class=\"sadrzaj\"><strong>Prednosti iSustav rje\u0161enja:\u00a0<\/strong><\/p>\n<ul class=\"sadrzaj\">\n<li>Nema ulaganja u infrastrukturu i ra\u010dunalnu opremu<\/li>\n<li>Brza implementacija i povrat investicije<\/li>\n<li>Mobilnost i lokacijska neovisnost (24\/7)<\/li>\n<li>Nema tro\u0161kova vlasni\u0161tva nad licencama<\/li>\n<li>Sigurnost , pouzdanost i integriranost podataka<\/li>\n<li>Analitika managerskih izvje\u0161\u0107a<\/li>\n<li>Izvje\u0161tavanje u realnom vremenu<\/li>\n<li>Podr\u0161ka i odr\u017eavanje (24\/7)<\/li>\n<li>Kompletan softver i usluga pla\u0107a se na rate<\/li>\n<li>Lak\u0161e planiranje godi\u0161njih tro\u0161kova<\/li>\n<\/ul>\n<p><strong>Rje\u0161enje obuhva\u0107a klasi\u010dne ERP funkcionalnosti:<\/strong><\/p>\n<ul class=\"sadrzaj\">\n<li>Zajedni\u010dke podatke<\/li>\n<li>Robno \/ materijalno poslovanje<\/li>\n<li>Financijsko poslovanje<\/li>\n<li>Dugotrajnu imovinu<\/li>\n<li>Pla\u0107e i kadrovsku evidenciju<\/li>\n<li>Odr\u017eavanje<\/li>\n<li>Modul PC kasa<\/li>\n<\/ul>\n","protected":false},"excerpt":{"rendered":"<p>iSustav je cjelovito rje\u0161enje sa kojim i manje tvrtke mogu imati\u00a0ERP rje\u0161enje bez ulaganja u ra\u010dunalnu opremu, dugotrajnu prilagodbu i edukaciju i bez suvi\u0161nih tro\u0161kova! Rije\u010d je o\u00a0pouzdanom informati\u010dkom rje\u0161enju prilago\u0111enom manjim tvrtkama koje \u017eele unaprijediti i optimizirati klju\u010dne poslovne procese prema najvi\u0161im standardima, a istodobno izbje\u0107i inicijalno visoko ulaganje koje sa sobom nosi implementacija [&hellip;]<\/p>\n","protected":false},"author":1,"featured_media":0,"parent":0,"menu_order":0,"comment_status":"open","ping_status":"open","template":"","meta":[],"_links":{"self":[{"href":"https:\/\/e-sustav.enel.hr\/index.php?rest_route=\/wp\/v2\/pages\/108"}],"collection":[{"href":"https:\/\/e-sustav.enel.hr\/index.php?rest_route=\/wp\/v2\/pages"}],"about":[{"href":"https:\/\/e-sustav.enel.hr\/index.php?rest_route=\/wp\/v2\/types\/page"}],"author":[{"embeddable":true,"href":"https:\/\/e-sustav.enel.hr\/index.php?rest_route=\/wp\/v2\/users\/1"}],"replies":[{"embeddable":true,"href":"https:\/\/e-sustav.enel.hr\/index.php?rest_route=%2Fwp%2Fv2%2Fcomments&post=108"}],"version-history":[{"count":12,"href":"https:\/\/e-sustav.enel.hr\/index.php?rest_route=\/wp\/v2\/pages\/108\/revisions"}],"predecessor-version":[{"id":110,"href":"https:\/\/e-sustav.enel.hr\/index.php?rest_route=\/wp\/v2\/pages\/108\/revisions\/110"}],"wp:attachment":[{"href":"https:\/\/e-sustav.enel.hr\/index.php?rest_route=%2Fwp%2Fv2%2Fmedia&parent=108"}],"curies":[{"name":"wp","href":"https:\/\/api.w.org\/{rel}","templated":true}]}}